{"id":8,"date":"2018-11-13T05:08:31","date_gmt":"2018-11-13T05:08:31","guid":{"rendered":"http:\/\/qps.ca\/?page_id=8"},"modified":"2021-04-07T20:04:20","modified_gmt":"2021-04-07T20:04:20","slug":"about","status":"publish","type":"page","link":"https:\/\/www.qps.ca\/fr\/about\/","title":{"rendered":"\u00c0 propos"},"content":{"rendered":"<div class=\"wpb-content-wrapper\"><p>[vc_row el_class=\u00a0\u00bbfsize16 row-spacing\u00a0\u00bb][vc_column][vc_row_inner][vc_column_inner width=\u00a0\u00bb1\/2&Prime;][vc_column_text]QPS est un <a href=\"https:\/\/www.qps.ca\/accreditations\/\">organisme ind\u00e9pendant d&rsquo;\u00e9valuation sur place<\/a>, de certification et d&rsquo;essais accr\u00e9dit\u00e9 \u00e0 l&rsquo;\u00e9chelle nationale et internationale, dont le si\u00e8ge social est situ\u00e9 \u00e0 Toronto, au Canada, o\u00f9 se trouve notre laboratoire principal \u00e0 la fine pointe de la technologie. Nous avons \u00e9galement un bureau aux \u00c9tats-Unis (Cleveland, OH) et un certain nombre de centres de services dans divers endroits au Canada et aux \u00c9tats-Unis.<\/p>\n<p>La soci\u00e9t\u00e9 a \u00e9t\u00e9 fond\u00e9e en 1995 et est aujourd&rsquo;hui l&rsquo;entreprise priv\u00e9e ayant la croissance la plus rapide dans le secteur des essais et de la certification par des tiers.<\/p>\n<p>Nous offrons des services d&rsquo;essai et de certification aux normes et codes am\u00e9ricains et canadiens, ainsi qu&rsquo;une vari\u00e9t\u00e9 de services sp\u00e9cialis\u00e9s aux normes de s\u00e9curit\u00e9 europ\u00e9ennes et internationales, tels que le marquage CE, ATEX, les certificats selon la m\u00e9thode OC de l\u2019IECEE, les certificats du syst\u00e8me d&rsquo;appareillage IECEx, etc.<\/p>\n<p>Nous fournissons \u00e9galement des services d&rsquo;\u00e9valuation sur place et d&rsquo;inspection sp\u00e9ciale pour les produits destin\u00e9s aux march\u00e9s canadien et am\u00e9ricain \u00e0 des clients situ\u00e9s partout dans le monde.[\/vc_column_text][\/vc_column_inner][vc_column_inner width=\u00a0\u00bb1\/2&Prime;][vc_single_image image=\u00a0\u00bb101&Prime; img_size=\u00a0\u00bbfull\u00a0\u00bb alignment=\u00a0\u00bbcenter\u00a0\u00bb][\/vc_column_inner][\/vc_row_inner][vc_column_text css=\u00a0\u00bb.vc_custom_1585976612447{margin-top: 25px !important;}\u00a0\u00bb]Notre r\u00f4le en tant que fournisseur de services tiers est de permettre \u00e0 nos clients de r\u00e9pondre \u00e0 leurs exigences r\u00e9glementaires, nationales et internationales en temps opportun et de mani\u00e8re rentable.[\/vc_column_text][\/vc_column][\/vc_row]<\/p>\n<\/div>","protected":false},"excerpt":{"rendered":"<p>[vc_row el_class=\u00a0\u00bbfsize16 row-spacing\u00a0\u00bb][vc_column][vc_row_inner][vc_column_inner width=\u00a0\u00bb1\/2&Prime;][vc_column_text]QPS est un organisme ind\u00e9pendant d&rsquo;\u00e9valuation sur place, de certification et d&rsquo;essais accr\u00e9dit\u00e9 \u00e0 l&rsquo;\u00e9chelle nationale et internationale, dont le si\u00e8ge social est situ\u00e9 \u00e0 Toronto, au Canada, o\u00f9 se trouve notre laboratoire principal \u00e0 la fine pointe de la technologie. Nous avons \u00e9galement un bureau aux \u00c9tats-Unis (Cleveland, OH) et un &hellip; <\/p>\n<p class=\"link-more\"><a href=\"https:\/\/www.qps.ca\/fr\/about\/\" class=\"more-link\">Continue reading<span class=\"screen-reader-text\"> \u00ab\u00a0\u00c0 propos\u00a0\u00bb<\/span><\/a><\/p>\n","protected":false},"author":19,"featured_media":0,"parent":0,"menu_order":0,"comment_status":"closed","ping_status":"closed","template":"full-wdith.php","meta":{"footnotes":""},"class_list":["post-8","page","type-page","status-publish","hentry"],"yoast_head":"<!-- This site is optimized with the Yoast SEO plugin v25.3.1 - https:\/\/yoast.com\/wordpress\/plugins\/seo\/ -->\n<title>\u00c0 propos - Applus+ QPS<\/title>\n<meta name=\"description\" content=\"QPS Evaluation Services is headquartered in Toronto. We provide the testing, certification services, and field inspection for the Canadian and US markets.\" \/>\n<meta name=\"robots\" content=\"index, follow, max-snippet:-1, max-image-preview:large, max-video-preview:-1\" \/>\n<link rel=\"canonical\" href=\"https:\/\/www.qps.ca\/about\/\" \/>\n<meta property=\"og:locale\" content=\"fr_FR\" \/>\n<meta property=\"og:type\" content=\"article\" \/>\n<meta property=\"og:title\" content=\"[:en]About[:fr]\u00c0 propos[:] - Applus+ QPS\" \/>\n<meta property=\"og:description\" content=\"QPS Evaluation Services is headquartered in Toronto. We provide the testing, certification services, and field inspection for the Canadian and US markets.\" \/>\n<meta property=\"og:url\" content=\"https:\/\/www.qps.ca\/about\/\" \/>\n<meta property=\"og:site_name\" content=\"Applus+ QPS\" \/>\n<meta property=\"article:modified_time\" content=\"2021-04-07T20:04:20+00:00\" \/>\n<meta property=\"og:image\" content=\"https:\/\/www.qps.ca\/wp-content\/uploads\/2018\/11\/about-featured.jpg\" \/>\n\t<meta property=\"og:image:width\" content=\"1920\" \/>\n\t<meta property=\"og:image:height\" content=\"351\" \/>\n\t<meta property=\"og:image:type\" content=\"image\/jpeg\" \/>\n<meta name=\"twitter:card\" content=\"summary_large_image\" \/>\n<meta name=\"twitter:label1\" content=\"Dur\u00e9e de lecture estim\u00e9e\" \/>\n\t<meta name=\"twitter:data1\" content=\"3 minutes\" \/>\n<script type=\"application\/ld+json\" class=\"yoast-schema-graph\">{\"@context\":\"https:\/\/schema.org\",\"@graph\":[{\"@type\":\"WebPage\",\"@id\":\"https:\/\/www.qps.ca\/about\/\",\"url\":\"https:\/\/www.qps.ca\/about\/\",\"name\":\"[:en]About[:fr]\u00c0 propos[:] - Applus+ QPS\",\"isPartOf\":{\"@id\":\"https:\/\/www.qps.ca\/#website\"},\"datePublished\":\"2018-11-13T05:08:31+00:00\",\"dateModified\":\"2021-04-07T20:04:20+00:00\",\"description\":\"QPS Evaluation Services is headquartered in Toronto. We provide the testing, certification services, and field inspection for the Canadian and US markets.\",\"breadcrumb\":{\"@id\":\"https:\/\/www.qps.ca\/about\/#breadcrumb\"},\"inLanguage\":\"fr-FR\",\"potentialAction\":[{\"@type\":\"ReadAction\",\"target\":[\"https:\/\/www.qps.ca\/about\/\"]}]},{\"@type\":\"BreadcrumbList\",\"@id\":\"https:\/\/www.qps.ca\/about\/#breadcrumb\",\"itemListElement\":[{\"@type\":\"ListItem\",\"position\":1,\"name\":\"Home\",\"item\":\"https:\/\/www.qps.ca\/\"},{\"@type\":\"ListItem\",\"position\":2,\"name\":\"About\"}]},{\"@type\":\"WebSite\",\"@id\":\"https:\/\/www.qps.ca\/#website\",\"url\":\"https:\/\/www.qps.ca\/\",\"name\":\"QPS Evaluation Services\",\"description\":\"\",\"publisher\":{\"@id\":\"https:\/\/www.qps.ca\/#organization\"},\"potentialAction\":[{\"@type\":\"SearchAction\",\"target\":{\"@type\":\"EntryPoint\",\"urlTemplate\":\"https:\/\/www.qps.ca\/?s={search_term_string}\"},\"query-input\":{\"@type\":\"PropertyValueSpecification\",\"valueRequired\":true,\"valueName\":\"search_term_string\"}}],\"inLanguage\":\"fr-FR\"},{\"@type\":\"Organization\",\"@id\":\"https:\/\/www.qps.ca\/#organization\",\"name\":\"QPS Evaluation Services Inc.\",\"url\":\"https:\/\/www.qps.ca\/\",\"logo\":{\"@type\":\"ImageObject\",\"inLanguage\":\"fr-FR\",\"@id\":\"https:\/\/www.qps.ca\/#\/schema\/logo\/image\/\",\"url\":\"https:\/\/www.qps.ca\/wp-content\/uploads\/2019\/07\/QPS_ColorLogo.png\",\"contentUrl\":\"https:\/\/www.qps.ca\/wp-content\/uploads\/2019\/07\/QPS_ColorLogo.png\",\"width\":177,\"height\":105,\"caption\":\"QPS Evaluation Services Inc.\"},\"image\":{\"@id\":\"https:\/\/www.qps.ca\/#\/schema\/logo\/image\/\"}}]}<\/script>\n<!-- \/ Yoast SEO plugin. -->","yoast_head_json":{"title":"[:en]About[:fr]\u00c0 propos[:] - Applus+ QPS","description":"QPS Evaluation Services is headquartered in Toronto. We provide the testing, certification services, and field inspection for the Canadian and US markets.","robots":{"index":"index","follow":"follow","max-snippet":"max-snippet:-1","max-image-preview":"max-image-preview:large","max-video-preview":"max-video-preview:-1"},"canonical":"https:\/\/www.qps.ca\/about\/","og_locale":"fr_FR","og_type":"article","og_title":"[:en]About[:fr]\u00c0 propos[:] - Applus+ QPS","og_description":"QPS Evaluation Services is headquartered in Toronto. We provide the testing, certification services, and field inspection for the Canadian and US markets.","og_url":"https:\/\/www.qps.ca\/about\/","og_site_name":"Applus+ QPS","article_modified_time":"2021-04-07T20:04:20+00:00","og_image":[{"width":1920,"height":351,"url":"https:\/\/www.qps.ca\/wp-content\/uploads\/2018\/11\/about-featured.jpg","type":"image\/jpeg"}],"twitter_card":"summary_large_image","twitter_misc":{"Dur\u00e9e de lecture estim\u00e9e":"3 minutes"},"schema":{"@context":"https:\/\/schema.org","@graph":[{"@type":"WebPage","@id":"https:\/\/www.qps.ca\/about\/","url":"https:\/\/www.qps.ca\/about\/","name":"[:en]About[:fr]\u00c0 propos[:] - Applus+ QPS","isPartOf":{"@id":"https:\/\/www.qps.ca\/#website"},"datePublished":"2018-11-13T05:08:31+00:00","dateModified":"2021-04-07T20:04:20+00:00","description":"QPS Evaluation Services is headquartered in Toronto. We provide the testing, certification services, and field inspection for the Canadian and US markets.","breadcrumb":{"@id":"https:\/\/www.qps.ca\/about\/#breadcrumb"},"inLanguage":"fr-FR","potentialAction":[{"@type":"ReadAction","target":["https:\/\/www.qps.ca\/about\/"]}]},{"@type":"BreadcrumbList","@id":"https:\/\/www.qps.ca\/about\/#breadcrumb","itemListElement":[{"@type":"ListItem","position":1,"name":"Home","item":"https:\/\/www.qps.ca\/"},{"@type":"ListItem","position":2,"name":"About"}]},{"@type":"WebSite","@id":"https:\/\/www.qps.ca\/#website","url":"https:\/\/www.qps.ca\/","name":"QPS Evaluation Services","description":"","publisher":{"@id":"https:\/\/www.qps.ca\/#organization"},"potentialAction":[{"@type":"SearchAction","target":{"@type":"EntryPoint","urlTemplate":"https:\/\/www.qps.ca\/?s={search_term_string}"},"query-input":{"@type":"PropertyValueSpecification","valueRequired":true,"valueName":"search_term_string"}}],"inLanguage":"fr-FR"},{"@type":"Organization","@id":"https:\/\/www.qps.ca\/#organization","name":"QPS Evaluation Services Inc.","url":"https:\/\/www.qps.ca\/","logo":{"@type":"ImageObject","inLanguage":"fr-FR","@id":"https:\/\/www.qps.ca\/#\/schema\/logo\/image\/","url":"https:\/\/www.qps.ca\/wp-content\/uploads\/2019\/07\/QPS_ColorLogo.png","contentUrl":"https:\/\/www.qps.ca\/wp-content\/uploads\/2019\/07\/QPS_ColorLogo.png","width":177,"height":105,"caption":"QPS Evaluation Services Inc."},"image":{"@id":"https:\/\/www.qps.ca\/#\/schema\/logo\/image\/"}}]}},"_links":{"self":[{"href":"https:\/\/www.qps.ca\/fr\/wp-json\/wp\/v2\/pages\/8","targetHints":{"allow":["GET"]}}],"collection":[{"href":"https:\/\/www.qps.ca\/fr\/wp-json\/wp\/v2\/pages"}],"about":[{"href":"https:\/\/www.qps.ca\/fr\/wp-json\/wp\/v2\/types\/page"}],"author":[{"embeddable":true,"href":"https:\/\/www.qps.ca\/fr\/wp-json\/wp\/v2\/users\/19"}],"replies":[{"embeddable":true,"href":"https:\/\/www.qps.ca\/fr\/wp-json\/wp\/v2\/comments?post=8"}],"version-history":[{"count":6,"href":"https:\/\/www.qps.ca\/fr\/wp-json\/wp\/v2\/pages\/8\/revisions"}],"predecessor-version":[{"id":10547,"href":"https:\/\/www.qps.ca\/fr\/wp-json\/wp\/v2\/pages\/8\/revisions\/10547"}],"wp:attachment":[{"href":"https:\/\/www.qps.ca\/fr\/wp-json\/wp\/v2\/media?parent=8"}],"curies":[{"name":"wp","href":"https:\/\/api.w.org\/{rel}","templated":true}]}}