{"id":693,"date":"2019-05-01T17:11:07","date_gmt":"2019-05-01T17:11:07","guid":{"rendered":"http:\/\/qps.ca\/?page_id=693"},"modified":"2021-04-07T20:21:25","modified_gmt":"2021-04-07T20:21:25","slug":"technical-advisory-service","status":"publish","type":"page","link":"https:\/\/www.qps.ca\/fr\/services\/technical-advisory-service\/","title":{"rendered":"Service consultatif technique"},"content":{"rendered":"<div class=\"wpb-content-wrapper\"><p>[vc_row el_class=\u00a0\u00bbfsize16 row-spacing\u00a0\u00bb][vc_column 0=\u00a0\u00bb\u00a0\u00bb][vc_row_inner 0=\u00a0\u00bb\u00a0\u00bb][vc_column_inner width=\u00a0\u00bb1\/2&Prime;][vc_column_text 0=\u00a0\u00bb\u00a0\u00bb]<\/p>\r\n<p>&nbsp;<\/p>\r\n<p><!-- wp:paragraph -->La planification \u00e0 l&rsquo;avance est importante et souvent essentielle parce qu&rsquo; \u00ab une once de pr\u00e9vention vaut une livre de rem\u00e8de \u00bb, ce qui est \u00e9galement vrai dans le monde de la certification.<\/p>\r\n<p><!-- \/wp:paragraph --><\/p>\r\n<p>&nbsp;<\/p>\r\n<p>&nbsp;<\/p>\r\n<p><!-- wp:paragraph --> Que vous conceviez un nouveau produit, que vous fassiez des modifications \u00e0 un produit existant ou que vous pr\u00e9voyiez prendre de l&rsquo;expansion dans de nouveaux march\u00e9s, la compr\u00e9hension pr\u00e9alable des exigences r\u00e9glementaires et des normes peut faire une diff\u00e9rence significative entre le succ\u00e8s et l&rsquo;\u00e9chec.<\/p>\r\n<p><!-- \/wp:paragraph --><\/p>\r\n<p>&nbsp;<\/p>\r\n<p>&nbsp;<\/p>\r\n<p><!-- wp:paragraph --> Le Service consultatif technique (SCT) de QPS est un service personnalis\u00e9 confidentiel con\u00e7u pour \u00eatre votre source d&rsquo;information, de conseils et de formation.<\/p>\r\n<p>Nos experts techniques vous aideront \u00e0 vous mettre sur la bonne voie au d\u00e9but du cycle de d\u00e9veloppement du produit, avant de vous engager dans la production et vous guideront \u00e0 travers les exigences qui s&rsquo;appliquent \u00e0 vos produits sur les march\u00e9s du monde entier.<\/p>\r\n<p>Ensemble, nous examinerons vos dessins, effectuerons un examen pr\u00e9liminaire de votre prototype, identifierons les domaines de non-conformit\u00e9 et soulignerons les principaux points \u00e0 consid\u00e9rer de fa\u00e7on \u00e0 ce que vous obteniez la certification du premier coup.<\/p>\r\n<p>Nos experts vous aideront \u00e0 \u00e9viter les erreurs avant que votre produit ne soit mis en production et effectueront un examen d\u00e9taill\u00e9 de votre produit qui comprend, mais sans s&rsquo;y limiter, ce qui suit :<\/p>\r\n<p><!-- \/wp:paragraph --><\/p>\r\n<p>&nbsp;<\/p>\r\n<ul class=\"common-check\">\r\n<li>Questions et r\u00e9ponses g\u00e9n\u00e9rales. Identifier les normes et r\u00e8glements applicables<\/li>\r\n<li>Comprendre l&rsquo;intention des exigences et la fa\u00e7on dont elles s&rsquo;appliquent \u00e0 vos produits<\/li>\r\n<li>R\u00e9vision des dessins, des manuels, des sch\u00e9mas et de la nomenclature des mat\u00e9riaux<\/li>\r\n<li>Examiner la construction du produit et identifier les probl\u00e8mes potentiels de non-conformit\u00e9<\/li>\r\n<li>Identifier les essais applicables<\/li>\r\n<li>Pr\u00e9parer un rapport officiel documentant nos constatations et commentaires<\/li>\r\n<\/ul>\r\n<p>Une \u00e9valuation pr\u00e9liminaire de votre conception et\/ou d&rsquo;un prototype de votre produit peut vous aider \u00e0 obtenir du succ\u00e8s dans votre processus de certification plus rapidement. Contactez-nous d\u00e8s aujourd&rsquo;hui pour en savoir plus.<\/p>\r\n<p>[\/vc_column_text][\/vc_column_inner][vc_column_inner width=\u00a0\u00bb1\/2&Prime;][vc_single_image image=\u00a0\u00bb1263&Prime; img_size=\u00a0\u00bbfull\u00a0\u00bb][\/vc_column_inner][\/vc_row_inner][\/vc_column][\/vc_row][vc_row][vc_column][vc_column_text] [\/vc_column_text][\/vc_column][\/vc_row][vc_row][vc_column][vc_column_text] [\/vc_column_text][\/vc_column][\/vc_row]<\/p>\r\n<p>[vc_row 0=\u00a0\u00bb\u00a0\u00bb][vc_column 0=\u00a0\u00bb\u00a0\u00bb][vc_column_text 0=\u00a0\u00bb\u00a0\u00bb]\u00a0 \u00a0 [\/vc_column_text][\/vc_column][\/vc_row]<\/p><\/div>","protected":false},"excerpt":{"rendered":"<p>[vc_row el_class=\u00a0\u00bbfsize16 row-spacing\u00a0\u00bb][vc_column 0=\u00a0\u00bb\u00a0\u00bb][vc_row_inner 0=\u00a0\u00bb\u00a0\u00bb][vc_column_inner width=\u00a0\u00bb1\/2&Prime;][vc_column_text 0=\u00a0\u00bb\u00a0\u00bb] &nbsp; La planification \u00e0 l&rsquo;avance est importante et souvent essentielle parce qu&rsquo; \u00ab une once de pr\u00e9vention vaut une livre de rem\u00e8de \u00bb, ce qui est \u00e9galement vrai dans le monde de la certification. &nbsp; &nbsp; Que vous conceviez un nouveau produit, que vous fassiez des modifications \u00e0 &hellip; <\/p>\n<p class=\"link-more\"><a href=\"https:\/\/www.qps.ca\/fr\/services\/technical-advisory-service\/\" class=\"more-link\">Continue reading<span class=\"screen-reader-text\"> \u00ab\u00a0Service consultatif technique\u00a0\u00bb<\/span><\/a><\/p>\n","protected":false},"author":19,"featured_media":0,"parent":33,"menu_order":0,"comment_status":"closed","ping_status":"closed","template":"full-wdith.php","meta":{"footnotes":""},"class_list":["post-693","page","type-page","status-publish","hentry"],"yoast_head":"<!-- This site is optimized with the Yoast SEO plugin v25.3.1 - https:\/\/yoast.com\/wordpress\/plugins\/seo\/ -->\n<title>Service consultatif technique - Applus+ QPS<\/title>\n<meta name=\"robots\" content=\"index, follow, max-snippet:-1, max-image-preview:large, max-video-preview:-1\" \/>\n<link rel=\"canonical\" href=\"https:\/\/www.qps.ca\/services\/technical-advisory-service\/\" \/>\n<meta property=\"og:locale\" content=\"fr_FR\" \/>\n<meta property=\"og:type\" content=\"article\" \/>\n<meta property=\"og:title\" content=\"[:en]Technical Advisory Service[:fr]Service consultatif technique[:] - Applus+ QPS\" \/>\n<meta property=\"og:description\" content=\"[vc_row el_class=\u00a0\u00bbfsize16 row-spacing\u00a0\u00bb][vc_column 0=\u00a0\u00bb\u00a0\u00bb][vc_row_inner 0=\u00a0\u00bb\u00a0\u00bb][vc_column_inner width=\u00a0\u00bb1\/2&Prime;][vc_column_text 0=\u00a0\u00bb\u00a0\u00bb] &nbsp; La planification \u00e0 l&rsquo;avance est importante et souvent essentielle parce qu&rsquo; \u00ab une once de pr\u00e9vention vaut une livre de rem\u00e8de \u00bb, ce qui est \u00e9galement vrai dans le monde de la certification. &nbsp; &nbsp; Que vous conceviez un nouveau produit, que vous fassiez des modifications \u00e0 &hellip; Continue reading &quot;Service consultatif technique&quot;\" \/>\n<meta property=\"og:url\" content=\"https:\/\/www.qps.ca\/services\/technical-advisory-service\/\" \/>\n<meta property=\"og:site_name\" content=\"Applus+ QPS\" \/>\n<meta property=\"article:modified_time\" content=\"2021-04-07T20:21:25+00:00\" \/>\n<meta name=\"twitter:card\" content=\"summary_large_image\" \/>\n<meta name=\"twitter:label1\" content=\"Dur\u00e9e de lecture estim\u00e9e\" \/>\n\t<meta name=\"twitter:data1\" content=\"4 minutes\" \/>\n<script type=\"application\/ld+json\" class=\"yoast-schema-graph\">{\"@context\":\"https:\/\/schema.org\",\"@graph\":[{\"@type\":\"WebPage\",\"@id\":\"https:\/\/www.qps.ca\/services\/technical-advisory-service\/\",\"url\":\"https:\/\/www.qps.ca\/services\/technical-advisory-service\/\",\"name\":\"[:en]Technical Advisory Service[:fr]Service consultatif technique[:] - Applus+ QPS\",\"isPartOf\":{\"@id\":\"https:\/\/www.qps.ca\/#website\"},\"datePublished\":\"2019-05-01T17:11:07+00:00\",\"dateModified\":\"2021-04-07T20:21:25+00:00\",\"breadcrumb\":{\"@id\":\"https:\/\/www.qps.ca\/services\/technical-advisory-service\/#breadcrumb\"},\"inLanguage\":\"fr-FR\",\"potentialAction\":[{\"@type\":\"ReadAction\",\"target\":[\"https:\/\/www.qps.ca\/services\/technical-advisory-service\/\"]}]},{\"@type\":\"BreadcrumbList\",\"@id\":\"https:\/\/www.qps.ca\/services\/technical-advisory-service\/#breadcrumb\",\"itemListElement\":[{\"@type\":\"ListItem\",\"position\":1,\"name\":\"Home\",\"item\":\"https:\/\/www.qps.ca\/\"},{\"@type\":\"ListItem\",\"position\":2,\"name\":\"Services\",\"item\":\"https:\/\/www.qps.ca\/services\/\"},{\"@type\":\"ListItem\",\"position\":3,\"name\":\"Technical Advisory Service\"}]},{\"@type\":\"WebSite\",\"@id\":\"https:\/\/www.qps.ca\/#website\",\"url\":\"https:\/\/www.qps.ca\/\",\"name\":\"QPS Evaluation Services\",\"description\":\"\",\"publisher\":{\"@id\":\"https:\/\/www.qps.ca\/#organization\"},\"potentialAction\":[{\"@type\":\"SearchAction\",\"target\":{\"@type\":\"EntryPoint\",\"urlTemplate\":\"https:\/\/www.qps.ca\/?s={search_term_string}\"},\"query-input\":{\"@type\":\"PropertyValueSpecification\",\"valueRequired\":true,\"valueName\":\"search_term_string\"}}],\"inLanguage\":\"fr-FR\"},{\"@type\":\"Organization\",\"@id\":\"https:\/\/www.qps.ca\/#organization\",\"name\":\"QPS Evaluation Services Inc.\",\"url\":\"https:\/\/www.qps.ca\/\",\"logo\":{\"@type\":\"ImageObject\",\"inLanguage\":\"fr-FR\",\"@id\":\"https:\/\/www.qps.ca\/#\/schema\/logo\/image\/\",\"url\":\"https:\/\/www.qps.ca\/wp-content\/uploads\/2019\/07\/QPS_ColorLogo.png\",\"contentUrl\":\"https:\/\/www.qps.ca\/wp-content\/uploads\/2019\/07\/QPS_ColorLogo.png\",\"width\":177,\"height\":105,\"caption\":\"QPS Evaluation Services Inc.\"},\"image\":{\"@id\":\"https:\/\/www.qps.ca\/#\/schema\/logo\/image\/\"}}]}<\/script>\n<!-- \/ Yoast SEO plugin. -->","yoast_head_json":{"title":"[:en]Technical Advisory Service[:fr]Service consultatif technique[:] - Applus+ QPS","robots":{"index":"index","follow":"follow","max-snippet":"max-snippet:-1","max-image-preview":"max-image-preview:large","max-video-preview":"max-video-preview:-1"},"canonical":"https:\/\/www.qps.ca\/services\/technical-advisory-service\/","og_locale":"fr_FR","og_type":"article","og_title":"[:en]Technical Advisory Service[:fr]Service consultatif technique[:] - Applus+ QPS","og_description":"[vc_row el_class=\u00a0\u00bbfsize16 row-spacing\u00a0\u00bb][vc_column 0=\u00a0\u00bb\u00a0\u00bb][vc_row_inner 0=\u00a0\u00bb\u00a0\u00bb][vc_column_inner width=\u00a0\u00bb1\/2&Prime;][vc_column_text 0=\u00a0\u00bb\u00a0\u00bb] &nbsp; La planification \u00e0 l&rsquo;avance est importante et souvent essentielle parce qu&rsquo; \u00ab une once de pr\u00e9vention vaut une livre de rem\u00e8de \u00bb, ce qui est \u00e9galement vrai dans le monde de la certification. &nbsp; &nbsp; Que vous conceviez un nouveau produit, que vous fassiez des modifications \u00e0 &hellip; Continue reading \"Service consultatif technique\"","og_url":"https:\/\/www.qps.ca\/services\/technical-advisory-service\/","og_site_name":"Applus+ QPS","article_modified_time":"2021-04-07T20:21:25+00:00","twitter_card":"summary_large_image","twitter_misc":{"Dur\u00e9e de lecture estim\u00e9e":"4 minutes"},"schema":{"@context":"https:\/\/schema.org","@graph":[{"@type":"WebPage","@id":"https:\/\/www.qps.ca\/services\/technical-advisory-service\/","url":"https:\/\/www.qps.ca\/services\/technical-advisory-service\/","name":"[:en]Technical Advisory Service[:fr]Service consultatif technique[:] - Applus+ QPS","isPartOf":{"@id":"https:\/\/www.qps.ca\/#website"},"datePublished":"2019-05-01T17:11:07+00:00","dateModified":"2021-04-07T20:21:25+00:00","breadcrumb":{"@id":"https:\/\/www.qps.ca\/services\/technical-advisory-service\/#breadcrumb"},"inLanguage":"fr-FR","potentialAction":[{"@type":"ReadAction","target":["https:\/\/www.qps.ca\/services\/technical-advisory-service\/"]}]},{"@type":"BreadcrumbList","@id":"https:\/\/www.qps.ca\/services\/technical-advisory-service\/#breadcrumb","itemListElement":[{"@type":"ListItem","position":1,"name":"Home","item":"https:\/\/www.qps.ca\/"},{"@type":"ListItem","position":2,"name":"Services","item":"https:\/\/www.qps.ca\/services\/"},{"@type":"ListItem","position":3,"name":"Technical Advisory Service"}]},{"@type":"WebSite","@id":"https:\/\/www.qps.ca\/#website","url":"https:\/\/www.qps.ca\/","name":"QPS Evaluation Services","description":"","publisher":{"@id":"https:\/\/www.qps.ca\/#organization"},"potentialAction":[{"@type":"SearchAction","target":{"@type":"EntryPoint","urlTemplate":"https:\/\/www.qps.ca\/?s={search_term_string}"},"query-input":{"@type":"PropertyValueSpecification","valueRequired":true,"valueName":"search_term_string"}}],"inLanguage":"fr-FR"},{"@type":"Organization","@id":"https:\/\/www.qps.ca\/#organization","name":"QPS Evaluation Services Inc.","url":"https:\/\/www.qps.ca\/","logo":{"@type":"ImageObject","inLanguage":"fr-FR","@id":"https:\/\/www.qps.ca\/#\/schema\/logo\/image\/","url":"https:\/\/www.qps.ca\/wp-content\/uploads\/2019\/07\/QPS_ColorLogo.png","contentUrl":"https:\/\/www.qps.ca\/wp-content\/uploads\/2019\/07\/QPS_ColorLogo.png","width":177,"height":105,"caption":"QPS Evaluation Services Inc."},"image":{"@id":"https:\/\/www.qps.ca\/#\/schema\/logo\/image\/"}}]}},"_links":{"self":[{"href":"https:\/\/www.qps.ca\/fr\/wp-json\/wp\/v2\/pages\/693","targetHints":{"allow":["GET"]}}],"collection":[{"href":"https:\/\/www.qps.ca\/fr\/wp-json\/wp\/v2\/pages"}],"about":[{"href":"https:\/\/www.qps.ca\/fr\/wp-json\/wp\/v2\/types\/page"}],"author":[{"embeddable":true,"href":"https:\/\/www.qps.ca\/fr\/wp-json\/wp\/v2\/users\/19"}],"replies":[{"embeddable":true,"href":"https:\/\/www.qps.ca\/fr\/wp-json\/wp\/v2\/comments?post=693"}],"version-history":[{"count":31,"href":"https:\/\/www.qps.ca\/fr\/wp-json\/wp\/v2\/pages\/693\/revisions"}],"predecessor-version":[{"id":10549,"href":"https:\/\/www.qps.ca\/fr\/wp-json\/wp\/v2\/pages\/693\/revisions\/10549"}],"up":[{"embeddable":true,"href":"https:\/\/www.qps.ca\/fr\/wp-json\/wp\/v2\/pages\/33"}],"wp:attachment":[{"href":"https:\/\/www.qps.ca\/fr\/wp-json\/wp\/v2\/media?parent=693"}],"curies":[{"name":"wp","href":"https:\/\/api.w.org\/{rel}","templated":true}]}}