{"id":680,"date":"2019-05-01T17:04:25","date_gmt":"2019-05-01T17:04:25","guid":{"rendered":"http:\/\/qps.ca\/?page_id=680"},"modified":"2021-01-04T16:59:27","modified_gmt":"2021-01-04T16:59:27","slug":"directory-of-certified-products","status":"publish","type":"page","link":"https:\/\/www.qps.ca\/fr\/information-centre\/directory-of-certified-products\/","title":{"rendered":"R\u00e9pertoire des produits certifi\u00e9s"},"content":{"rendered":"<p><\/p>\n<h2><strong>Notre r\u00e9pertoire de produits est actuellement en cours d\u2019am\u00e9lioration.\u00a0 Si vous avez besoin de renseignements sur un produit certifi\u00e9 QPS, veuillex communiquer avec notre groupe de service \u00e0 la client\u00e8le 416-241-8857.<\/strong><\/h2>\n<p><\/p>","protected":false},"excerpt":{"rendered":"<p>Notre r\u00e9pertoire de produits est actuellement en cours d\u2019am\u00e9lioration.\u00a0 Si vous avez besoin de renseignements sur un produit certifi\u00e9 QPS, veuillex communiquer avec notre groupe de service \u00e0 la client\u00e8le 416-241-8857.<\/p>\n","protected":false},"author":19,"featured_media":0,"parent":35,"menu_order":0,"comment_status":"closed","ping_status":"closed","template":"","meta":{"footnotes":""},"class_list":["post-680","page","type-page","status-publish","hentry"],"yoast_head":"<!-- This site is optimized with the Yoast SEO plugin v25.3.1 - https:\/\/yoast.com\/wordpress\/plugins\/seo\/ -->\n<title>R\u00e9pertoire des produits certifi\u00e9s - Applus+ QPS<\/title>\n<meta name=\"robots\" content=\"index, follow, max-snippet:-1, max-image-preview:large, max-video-preview:-1\" \/>\n<link rel=\"canonical\" href=\"https:\/\/www.qps.ca\/information-centre\/directory-of-certified-products\/\" \/>\n<meta property=\"og:locale\" content=\"fr_FR\" \/>\n<meta property=\"og:type\" content=\"article\" \/>\n<meta property=\"og:title\" content=\"[:en]Directory of Certified Products[:fr]R\u00e9pertoire des produits certifi\u00e9s[:] - Applus+ QPS\" \/>\n<meta property=\"og:description\" content=\"Notre r\u00e9pertoire de produits est actuellement en cours d\u2019am\u00e9lioration.\u00a0 Si vous avez besoin de renseignements sur un produit certifi\u00e9 QPS, veuillex communiquer avec notre groupe de service \u00e0 la client\u00e8le 416-241-8857.\" \/>\n<meta property=\"og:url\" content=\"https:\/\/www.qps.ca\/information-centre\/directory-of-certified-products\/\" \/>\n<meta property=\"og:site_name\" content=\"Applus+ QPS\" \/>\n<meta property=\"article:modified_time\" content=\"2021-01-04T16:59:27+00:00\" \/>\n<meta name=\"twitter:card\" content=\"summary_large_image\" \/>\n<script type=\"application\/ld+json\" class=\"yoast-schema-graph\">{\"@context\":\"https:\/\/schema.org\",\"@graph\":[{\"@type\":\"WebPage\",\"@id\":\"https:\/\/www.qps.ca\/information-centre\/directory-of-certified-products\/\",\"url\":\"https:\/\/www.qps.ca\/information-centre\/directory-of-certified-products\/\",\"name\":\"[:en]Directory of Certified Products[:fr]R\u00e9pertoire des produits certifi\u00e9s[:] - Applus+ QPS\",\"isPartOf\":{\"@id\":\"https:\/\/www.qps.ca\/#website\"},\"datePublished\":\"2019-05-01T17:04:25+00:00\",\"dateModified\":\"2021-01-04T16:59:27+00:00\",\"breadcrumb\":{\"@id\":\"https:\/\/www.qps.ca\/information-centre\/directory-of-certified-products\/#breadcrumb\"},\"inLanguage\":\"fr-FR\",\"potentialAction\":[{\"@type\":\"ReadAction\",\"target\":[\"https:\/\/www.qps.ca\/information-centre\/directory-of-certified-products\/\"]}]},{\"@type\":\"BreadcrumbList\",\"@id\":\"https:\/\/www.qps.ca\/information-centre\/directory-of-certified-products\/#breadcrumb\",\"itemListElement\":[{\"@type\":\"ListItem\",\"position\":1,\"name\":\"Home\",\"item\":\"https:\/\/www.qps.ca\/\"},{\"@type\":\"ListItem\",\"position\":2,\"name\":\"Information Center\",\"item\":\"https:\/\/www.qps.ca\/information-centre\/\"},{\"@type\":\"ListItem\",\"position\":3,\"name\":\"Directory of Certified Products\"}]},{\"@type\":\"WebSite\",\"@id\":\"https:\/\/www.qps.ca\/#website\",\"url\":\"https:\/\/www.qps.ca\/\",\"name\":\"QPS Evaluation Services\",\"description\":\"\",\"publisher\":{\"@id\":\"https:\/\/www.qps.ca\/#organization\"},\"potentialAction\":[{\"@type\":\"SearchAction\",\"target\":{\"@type\":\"EntryPoint\",\"urlTemplate\":\"https:\/\/www.qps.ca\/?s={search_term_string}\"},\"query-input\":{\"@type\":\"PropertyValueSpecification\",\"valueRequired\":true,\"valueName\":\"search_term_string\"}}],\"inLanguage\":\"fr-FR\"},{\"@type\":\"Organization\",\"@id\":\"https:\/\/www.qps.ca\/#organization\",\"name\":\"QPS Evaluation Services Inc.\",\"url\":\"https:\/\/www.qps.ca\/\",\"logo\":{\"@type\":\"ImageObject\",\"inLanguage\":\"fr-FR\",\"@id\":\"https:\/\/www.qps.ca\/#\/schema\/logo\/image\/\",\"url\":\"https:\/\/www.qps.ca\/wp-content\/uploads\/2019\/07\/QPS_ColorLogo.png\",\"contentUrl\":\"https:\/\/www.qps.ca\/wp-content\/uploads\/2019\/07\/QPS_ColorLogo.png\",\"width\":177,\"height\":105,\"caption\":\"QPS Evaluation Services Inc.\"},\"image\":{\"@id\":\"https:\/\/www.qps.ca\/#\/schema\/logo\/image\/\"}}]}<\/script>\n<!-- \/ Yoast SEO plugin. -->","yoast_head_json":{"title":"[:en]Directory of Certified Products[:fr]R\u00e9pertoire des produits certifi\u00e9s[:] - Applus+ QPS","robots":{"index":"index","follow":"follow","max-snippet":"max-snippet:-1","max-image-preview":"max-image-preview:large","max-video-preview":"max-video-preview:-1"},"canonical":"https:\/\/www.qps.ca\/information-centre\/directory-of-certified-products\/","og_locale":"fr_FR","og_type":"article","og_title":"[:en]Directory of Certified Products[:fr]R\u00e9pertoire des produits certifi\u00e9s[:] - Applus+ QPS","og_description":"Notre r\u00e9pertoire de produits est actuellement en cours d\u2019am\u00e9lioration.\u00a0 Si vous avez besoin de renseignements sur un produit certifi\u00e9 QPS, veuillex communiquer avec notre groupe de service \u00e0 la client\u00e8le 416-241-8857.","og_url":"https:\/\/www.qps.ca\/information-centre\/directory-of-certified-products\/","og_site_name":"Applus+ QPS","article_modified_time":"2021-01-04T16:59:27+00:00","twitter_card":"summary_large_image","schema":{"@context":"https:\/\/schema.org","@graph":[{"@type":"WebPage","@id":"https:\/\/www.qps.ca\/information-centre\/directory-of-certified-products\/","url":"https:\/\/www.qps.ca\/information-centre\/directory-of-certified-products\/","name":"[:en]Directory of Certified Products[:fr]R\u00e9pertoire des produits certifi\u00e9s[:] - Applus+ QPS","isPartOf":{"@id":"https:\/\/www.qps.ca\/#website"},"datePublished":"2019-05-01T17:04:25+00:00","dateModified":"2021-01-04T16:59:27+00:00","breadcrumb":{"@id":"https:\/\/www.qps.ca\/information-centre\/directory-of-certified-products\/#breadcrumb"},"inLanguage":"fr-FR","potentialAction":[{"@type":"ReadAction","target":["https:\/\/www.qps.ca\/information-centre\/directory-of-certified-products\/"]}]},{"@type":"BreadcrumbList","@id":"https:\/\/www.qps.ca\/information-centre\/directory-of-certified-products\/#breadcrumb","itemListElement":[{"@type":"ListItem","position":1,"name":"Home","item":"https:\/\/www.qps.ca\/"},{"@type":"ListItem","position":2,"name":"Information Center","item":"https:\/\/www.qps.ca\/information-centre\/"},{"@type":"ListItem","position":3,"name":"Directory of Certified Products"}]},{"@type":"WebSite","@id":"https:\/\/www.qps.ca\/#website","url":"https:\/\/www.qps.ca\/","name":"QPS Evaluation Services","description":"","publisher":{"@id":"https:\/\/www.qps.ca\/#organization"},"potentialAction":[{"@type":"SearchAction","target":{"@type":"EntryPoint","urlTemplate":"https:\/\/www.qps.ca\/?s={search_term_string}"},"query-input":{"@type":"PropertyValueSpecification","valueRequired":true,"valueName":"search_term_string"}}],"inLanguage":"fr-FR"},{"@type":"Organization","@id":"https:\/\/www.qps.ca\/#organization","name":"QPS Evaluation Services Inc.","url":"https:\/\/www.qps.ca\/","logo":{"@type":"ImageObject","inLanguage":"fr-FR","@id":"https:\/\/www.qps.ca\/#\/schema\/logo\/image\/","url":"https:\/\/www.qps.ca\/wp-content\/uploads\/2019\/07\/QPS_ColorLogo.png","contentUrl":"https:\/\/www.qps.ca\/wp-content\/uploads\/2019\/07\/QPS_ColorLogo.png","width":177,"height":105,"caption":"QPS Evaluation Services Inc."},"image":{"@id":"https:\/\/www.qps.ca\/#\/schema\/logo\/image\/"}}]}},"_links":{"self":[{"href":"https:\/\/www.qps.ca\/fr\/wp-json\/wp\/v2\/pages\/680","targetHints":{"allow":["GET"]}}],"collection":[{"href":"https:\/\/www.qps.ca\/fr\/wp-json\/wp\/v2\/pages"}],"about":[{"href":"https:\/\/www.qps.ca\/fr\/wp-json\/wp\/v2\/types\/page"}],"author":[{"embeddable":true,"href":"https:\/\/www.qps.ca\/fr\/wp-json\/wp\/v2\/users\/19"}],"replies":[{"embeddable":true,"href":"https:\/\/www.qps.ca\/fr\/wp-json\/wp\/v2\/comments?post=680"}],"version-history":[{"count":5,"href":"https:\/\/www.qps.ca\/fr\/wp-json\/wp\/v2\/pages\/680\/revisions"}],"predecessor-version":[{"id":4723,"href":"https:\/\/www.qps.ca\/fr\/wp-json\/wp\/v2\/pages\/680\/revisions\/4723"}],"up":[{"embeddable":true,"href":"https:\/\/www.qps.ca\/fr\/wp-json\/wp\/v2\/pages\/35"}],"wp:attachment":[{"href":"https:\/\/www.qps.ca\/fr\/wp-json\/wp\/v2\/media?parent=680"}],"curies":[{"name":"wp","href":"https:\/\/api.w.org\/{rel}","templated":true}]}}