{"id":443,"date":"2019-03-18T05:31:49","date_gmt":"2019-03-18T05:31:49","guid":{"rendered":"http:\/\/qps.ca\/?page_id=443"},"modified":"2024-10-02T12:13:12","modified_gmt":"2024-10-02T12:13:12","slug":"service-centres","status":"publish","type":"page","link":"https:\/\/www.qps.ca\/fr\/about\/service-centres\/","title":{"rendered":"Centres de services"},"content":{"rendered":"<div class=\"wpb-content-wrapper\"><p>[vc_row el_class=\u00a0\u00bbfsize16 row-spacing\u00a0\u00bb][vc_column 0=\u00a0\u00bb\u00a0\u00bb][vc_row_inner 0=\u00a0\u00bb\u00a0\u00bb][vc_column_inner 0=\u00a0\u00bb\u00a0\u00bb][vc_column_text 0=\u00a0\u00bb\u00a0\u00bb]Le laboratoire principal ultramoderne de 25 000 pieds carr\u00e9s de QPS est situ\u00e9 \u00e0 Toronto. Cependant, les clients de QPS sont \u00e9galement desservis localement en utilisant du personnel en poste dans des centres de service partout au Canada et aux \u00c9tats-Unis, et par l&rsquo;interm\u00e9diaire d&rsquo;un r\u00e9seau de <a href=\"https:\/\/www.qps.ca\/about\/partners-network\/\" class=\"broken_link\">partenaires mondiaux<\/a><\/p>\n<p><strong>Au Canada <\/strong>, QPS est situ\u00e9 \u00e0 Vancouver, Edmonton, Calgary, Saskatoon, Winnipeg, Windsor, London, Cambridge, Toronto, Ottawa, Montr\u00e9al, Moncton et Halifax.[\/vc_column_text][\/vc_column_inner][\/vc_row_inner][vc_row_inner el_class=\u00a0\u00bbrow-spacing-up\u00a0\u00bb][vc_column_inner width=\u00a0\u00bb1\/3&Prime;][vc_column_text 0=\u00a0\u00bb\u00a0\u00bb]<\/p>\n<h3>Canada<\/h3>\n<p><strong>Bureau de Toronto\u00a0<\/strong><br \/>\n81, rue Kelfield, bureau 8,<br \/>\nToronto (Ontario) M9W 5A3<br \/>\nPhone: 416-241-8857<br \/>\nToll Free: 1-877-746-4777<\/p>\n<p><strong>Bureau de Montr\u00e9al<\/strong><br \/>\n6600, route Transcanadienne, bureau 750<br \/>\nPointe-Claire (Qu\u00e9bec) H9R 4S2<br \/>\nT\u00e9l\u00e9phone: 514-693-2808<\/p>\n<p><strong>Bureau de Moncton<br \/>\n<\/strong>500, rue Saint-Georges.<br \/>\nMoncton (Nouveau-Brunswick) E1C 1Y3<br \/>\nT\u00e9l\u00e9phone: 506-858-7880<\/p>\n<h4>Autres endroits au Canada<\/h4>\n<p>Vancouver, Edmonton, Calgary, Saskatoon, Winnipeg, Windsor, London, Cambridge, Ottawa, Qu\u00e9bec et Halifax.[\/vc_column_text][\/vc_column_inner][vc_column_inner width=\u00a0\u00bb1\/3&Prime;][vc_column_text 0=\u00a0\u00bb\u00a0\u00bb]<\/p>\n<h3>\u00c9tats-Unis (\u00c9.-U.)<\/h3>\n<p><strong>QPS America Inc.<\/strong><br \/>\nCrown Centre<br \/>\n5005, chemin Rockside, bureau 600,<br \/>\nIndependence (Cleveland), Ohio<br \/>\n44131-6827<br \/>\nT\u00e9l\u00e9phone: 216-377-3191<\/p>\n<p><a class=\"customize-unpreviewable\" href=\"http:\/\/www.qpsamerica.com\/\" target=\"_blank\" rel=\"noopener noreferrer\">www.qpsamerica.com<\/a><\/p>\n<h4>Autres endroits aux \u00c9tats-Unis d&rsquo;Am\u00e9rique (\u00c9.-U.)<\/h4>\n<p>Californie, Massachusetts et Caroline du Nord.<br \/>\n[\/vc_column_text][\/vc_column_inner][vc_column_inner width=\u00a0\u00bb1\/3&Prime;][vc_column_text 0=\u00a0\u00bb\u00a0\u00bb]<\/p>\n<h3>Europe<\/h3>\n<p><strong>Bureau des Pays-Bas\u00a0<\/strong><br \/>\nAnthonie Fokkerstraat 10<br \/>\n3772 MR Barneveld<\/p>\n<p>P.O.Box 31126<br \/>\n6503 CC Nijmegen<br \/>\nT\u00e9l\u00e9phone: +31 85 00 30 144<\/p>\n<p><a class=\"customize-unpreviewable\" href=\"http:\/\/www.qpscertification.eu\/\" target=\"_blank\" rel=\"noopener noreferrer\">www.qpscertification.eu<\/a><\/p>\n<h4>Autres endroits en Europe<\/h4>\n<p>Italie, France et Suisse.[\/vc_column_text][\/vc_column_inner][\/vc_row_inner][\/vc_column][\/vc_row]<\/p>\n<\/div>","protected":false},"excerpt":{"rendered":"<p>[vc_row el_class=\u00a0\u00bbfsize16 row-spacing\u00a0\u00bb][vc_column 0=\u00a0\u00bb\u00a0\u00bb][vc_row_inner 0=\u00a0\u00bb\u00a0\u00bb][vc_column_inner 0=\u00a0\u00bb\u00a0\u00bb][vc_column_text 0=\u00a0\u00bb\u00a0\u00bb]Le laboratoire principal ultramoderne de 25 000 pieds carr\u00e9s de QPS est situ\u00e9 \u00e0 Toronto. Cependant, les clients de QPS sont \u00e9galement desservis localement en utilisant du personnel en poste dans des centres de service partout au Canada et aux \u00c9tats-Unis, et par l&rsquo;interm\u00e9diaire d&rsquo;un r\u00e9seau de partenaires mondiaux &hellip; <\/p>\n<p class=\"link-more\"><a href=\"https:\/\/www.qps.ca\/fr\/about\/service-centres\/\" class=\"more-link\">Continue reading<span class=\"screen-reader-text\"> \u00ab\u00a0Centres de services\u00a0\u00bb<\/span><\/a><\/p>\n","protected":false},"author":19,"featured_media":0,"parent":8,"menu_order":0,"comment_status":"closed","ping_status":"closed","template":"full-wdith.php","meta":{"footnotes":""},"class_list":["post-443","page","type-page","status-publish","hentry"],"yoast_head":"<!-- This site is optimized with the Yoast SEO plugin v25.3.1 - https:\/\/yoast.com\/wordpress\/plugins\/seo\/ -->\n<title>Centres de services - Applus+ QPS<\/title>\n<meta name=\"robots\" content=\"index, follow, max-snippet:-1, max-image-preview:large, max-video-preview:-1\" \/>\n<link rel=\"canonical\" href=\"https:\/\/www.qps.ca\/about\/service-centres\/\" \/>\n<meta property=\"og:locale\" content=\"fr_FR\" \/>\n<meta property=\"og:type\" content=\"article\" \/>\n<meta property=\"og:title\" content=\"[:en]Service Centers[:fr]Centres de services[:] - Applus+ QPS\" \/>\n<meta property=\"og:description\" content=\"[vc_row el_class=\u00a0\u00bbfsize16 row-spacing\u00a0\u00bb][vc_column 0=\u00a0\u00bb\u00a0\u00bb][vc_row_inner 0=\u00a0\u00bb\u00a0\u00bb][vc_column_inner 0=\u00a0\u00bb\u00a0\u00bb][vc_column_text 0=\u00a0\u00bb\u00a0\u00bb]Le laboratoire principal ultramoderne de 25 000 pieds carr\u00e9s de QPS est situ\u00e9 \u00e0 Toronto. Cependant, les clients de QPS sont \u00e9galement desservis localement en utilisant du personnel en poste dans des centres de service partout au Canada et aux \u00c9tats-Unis, et par l&rsquo;interm\u00e9diaire d&rsquo;un r\u00e9seau de partenaires mondiaux &hellip; Continue reading &quot;Centres de services&quot;\" \/>\n<meta property=\"og:url\" content=\"https:\/\/www.qps.ca\/about\/service-centres\/\" \/>\n<meta property=\"og:site_name\" content=\"Applus+ QPS\" \/>\n<meta property=\"article:modified_time\" content=\"2024-10-02T12:13:12+00:00\" \/>\n<meta name=\"twitter:card\" content=\"summary_large_image\" \/>\n<meta name=\"twitter:label1\" content=\"Dur\u00e9e de lecture estim\u00e9e\" \/>\n\t<meta name=\"twitter:data1\" content=\"1 minute\" \/>\n<script type=\"application\/ld+json\" class=\"yoast-schema-graph\">{\"@context\":\"https:\/\/schema.org\",\"@graph\":[{\"@type\":\"WebPage\",\"@id\":\"https:\/\/www.qps.ca\/about\/service-centres\/\",\"url\":\"https:\/\/www.qps.ca\/about\/service-centres\/\",\"name\":\"[:en]Service Centers[:fr]Centres de services[:] - Applus+ QPS\",\"isPartOf\":{\"@id\":\"https:\/\/www.qps.ca\/#website\"},\"datePublished\":\"2019-03-18T05:31:49+00:00\",\"dateModified\":\"2024-10-02T12:13:12+00:00\",\"breadcrumb\":{\"@id\":\"https:\/\/www.qps.ca\/about\/service-centres\/#breadcrumb\"},\"inLanguage\":\"fr-FR\",\"potentialAction\":[{\"@type\":\"ReadAction\",\"target\":[\"https:\/\/www.qps.ca\/about\/service-centres\/\"]}]},{\"@type\":\"BreadcrumbList\",\"@id\":\"https:\/\/www.qps.ca\/about\/service-centres\/#breadcrumb\",\"itemListElement\":[{\"@type\":\"ListItem\",\"position\":1,\"name\":\"Home\",\"item\":\"https:\/\/www.qps.ca\/\"},{\"@type\":\"ListItem\",\"position\":2,\"name\":\"About\",\"item\":\"https:\/\/www.qps.ca\/about\/\"},{\"@type\":\"ListItem\",\"position\":3,\"name\":\"Service Centers\"}]},{\"@type\":\"WebSite\",\"@id\":\"https:\/\/www.qps.ca\/#website\",\"url\":\"https:\/\/www.qps.ca\/\",\"name\":\"QPS Evaluation Services\",\"description\":\"\",\"publisher\":{\"@id\":\"https:\/\/www.qps.ca\/#organization\"},\"potentialAction\":[{\"@type\":\"SearchAction\",\"target\":{\"@type\":\"EntryPoint\",\"urlTemplate\":\"https:\/\/www.qps.ca\/?s={search_term_string}\"},\"query-input\":{\"@type\":\"PropertyValueSpecification\",\"valueRequired\":true,\"valueName\":\"search_term_string\"}}],\"inLanguage\":\"fr-FR\"},{\"@type\":\"Organization\",\"@id\":\"https:\/\/www.qps.ca\/#organization\",\"name\":\"QPS Evaluation Services Inc.\",\"url\":\"https:\/\/www.qps.ca\/\",\"logo\":{\"@type\":\"ImageObject\",\"inLanguage\":\"fr-FR\",\"@id\":\"https:\/\/www.qps.ca\/#\/schema\/logo\/image\/\",\"url\":\"https:\/\/www.qps.ca\/wp-content\/uploads\/2019\/07\/QPS_ColorLogo.png\",\"contentUrl\":\"https:\/\/www.qps.ca\/wp-content\/uploads\/2019\/07\/QPS_ColorLogo.png\",\"width\":177,\"height\":105,\"caption\":\"QPS Evaluation Services Inc.\"},\"image\":{\"@id\":\"https:\/\/www.qps.ca\/#\/schema\/logo\/image\/\"}}]}<\/script>\n<!-- \/ Yoast SEO plugin. -->","yoast_head_json":{"title":"[:en]Service Centers[:fr]Centres de services[:] - Applus+ QPS","robots":{"index":"index","follow":"follow","max-snippet":"max-snippet:-1","max-image-preview":"max-image-preview:large","max-video-preview":"max-video-preview:-1"},"canonical":"https:\/\/www.qps.ca\/about\/service-centres\/","og_locale":"fr_FR","og_type":"article","og_title":"[:en]Service Centers[:fr]Centres de services[:] - Applus+ QPS","og_description":"[vc_row el_class=\u00a0\u00bbfsize16 row-spacing\u00a0\u00bb][vc_column 0=\u00a0\u00bb\u00a0\u00bb][vc_row_inner 0=\u00a0\u00bb\u00a0\u00bb][vc_column_inner 0=\u00a0\u00bb\u00a0\u00bb][vc_column_text 0=\u00a0\u00bb\u00a0\u00bb]Le laboratoire principal ultramoderne de 25 000 pieds carr\u00e9s de QPS est situ\u00e9 \u00e0 Toronto. Cependant, les clients de QPS sont \u00e9galement desservis localement en utilisant du personnel en poste dans des centres de service partout au Canada et aux \u00c9tats-Unis, et par l&rsquo;interm\u00e9diaire d&rsquo;un r\u00e9seau de partenaires mondiaux &hellip; Continue reading \"Centres de services\"","og_url":"https:\/\/www.qps.ca\/about\/service-centres\/","og_site_name":"Applus+ QPS","article_modified_time":"2024-10-02T12:13:12+00:00","twitter_card":"summary_large_image","twitter_misc":{"Dur\u00e9e de lecture estim\u00e9e":"1 minute"},"schema":{"@context":"https:\/\/schema.org","@graph":[{"@type":"WebPage","@id":"https:\/\/www.qps.ca\/about\/service-centres\/","url":"https:\/\/www.qps.ca\/about\/service-centres\/","name":"[:en]Service Centers[:fr]Centres de services[:] - Applus+ QPS","isPartOf":{"@id":"https:\/\/www.qps.ca\/#website"},"datePublished":"2019-03-18T05:31:49+00:00","dateModified":"2024-10-02T12:13:12+00:00","breadcrumb":{"@id":"https:\/\/www.qps.ca\/about\/service-centres\/#breadcrumb"},"inLanguage":"fr-FR","potentialAction":[{"@type":"ReadAction","target":["https:\/\/www.qps.ca\/about\/service-centres\/"]}]},{"@type":"BreadcrumbList","@id":"https:\/\/www.qps.ca\/about\/service-centres\/#breadcrumb","itemListElement":[{"@type":"ListItem","position":1,"name":"Home","item":"https:\/\/www.qps.ca\/"},{"@type":"ListItem","position":2,"name":"About","item":"https:\/\/www.qps.ca\/about\/"},{"@type":"ListItem","position":3,"name":"Service Centers"}]},{"@type":"WebSite","@id":"https:\/\/www.qps.ca\/#website","url":"https:\/\/www.qps.ca\/","name":"QPS Evaluation Services","description":"","publisher":{"@id":"https:\/\/www.qps.ca\/#organization"},"potentialAction":[{"@type":"SearchAction","target":{"@type":"EntryPoint","urlTemplate":"https:\/\/www.qps.ca\/?s={search_term_string}"},"query-input":{"@type":"PropertyValueSpecification","valueRequired":true,"valueName":"search_term_string"}}],"inLanguage":"fr-FR"},{"@type":"Organization","@id":"https:\/\/www.qps.ca\/#organization","name":"QPS Evaluation Services Inc.","url":"https:\/\/www.qps.ca\/","logo":{"@type":"ImageObject","inLanguage":"fr-FR","@id":"https:\/\/www.qps.ca\/#\/schema\/logo\/image\/","url":"https:\/\/www.qps.ca\/wp-content\/uploads\/2019\/07\/QPS_ColorLogo.png","contentUrl":"https:\/\/www.qps.ca\/wp-content\/uploads\/2019\/07\/QPS_ColorLogo.png","width":177,"height":105,"caption":"QPS Evaluation Services Inc."},"image":{"@id":"https:\/\/www.qps.ca\/#\/schema\/logo\/image\/"}}]}},"_links":{"self":[{"href":"https:\/\/www.qps.ca\/fr\/wp-json\/wp\/v2\/pages\/443","targetHints":{"allow":["GET"]}}],"collection":[{"href":"https:\/\/www.qps.ca\/fr\/wp-json\/wp\/v2\/pages"}],"about":[{"href":"https:\/\/www.qps.ca\/fr\/wp-json\/wp\/v2\/types\/page"}],"author":[{"embeddable":true,"href":"https:\/\/www.qps.ca\/fr\/wp-json\/wp\/v2\/users\/19"}],"replies":[{"embeddable":true,"href":"https:\/\/www.qps.ca\/fr\/wp-json\/wp\/v2\/comments?post=443"}],"version-history":[{"count":14,"href":"https:\/\/www.qps.ca\/fr\/wp-json\/wp\/v2\/pages\/443\/revisions"}],"predecessor-version":[{"id":28869,"href":"https:\/\/www.qps.ca\/fr\/wp-json\/wp\/v2\/pages\/443\/revisions\/28869"}],"up":[{"embeddable":true,"href":"https:\/\/www.qps.ca\/fr\/wp-json\/wp\/v2\/pages\/8"}],"wp:attachment":[{"href":"https:\/\/www.qps.ca\/fr\/wp-json\/wp\/v2\/media?parent=443"}],"curies":[{"name":"wp","href":"https:\/\/api.w.org\/{rel}","templated":true}]}}