{"id":222,"date":"2018-11-20T07:29:39","date_gmt":"2018-11-20T07:29:39","guid":{"rendered":"http:\/\/qps.ca\/?page_id=222"},"modified":"2021-04-07T18:59:16","modified_gmt":"2021-04-07T18:59:16","slug":"global-markets-access-additional-comments","status":"publish","type":"page","link":"https:\/\/www.qps.ca\/fr\/industries\/global-markets-access-additional-comments\/","title":{"rendered":"Acc\u00e8s au march\u00e9 mondial"},"content":{"rendered":"<div class=\"wpb-content-wrapper\"><p>[vc_row el_class=\u00a0\u00bbfsize16 row-spacing\u00a0\u00bb][vc_column][vc_row_inner][vc_column_inner width=\u00a0\u00bb1\/2&Prime;][vc_column_text]<\/p>\n<h2 class=\"leftalign\"><strong>Vue d\u2019ensemble<\/strong><\/h2>\n<p>Peu importe l\u2019endroit o\u00f9 vous \u0153uvrez et les produits que vous fabriquez, vous devez probablement livrer concurrence \u00e0 l\u2019\u00e9chelle mondiale et maximiser votre acc\u00e8s aux march\u00e9s de fa\u00e7on \u00e0 demeurer comp\u00e9titifs. Les r\u00e8glements, les normes et les r\u00e9gimes de conformit\u00e9 des produits varient toutefois d\u2019un pays \u00e0 l\u2019autre, voire d\u2019une r\u00e9gion \u00e0 l\u2019autre. C\u2019est pourquoi l\u2019acc\u00e8s \u00e0 de nouveaux march\u00e9s devient souvent un processus \u00e9prouvant.<\/p>\n<p>Il est effectivement compliqu\u00e9 de se plier \u00e0 diverses exigences dans diff\u00e9rents pays. C\u2019est toutefois in\u00e9vitable, car les produits non conformes devront \u00eatre repens\u00e9s, ce qui se traduira des retards couteux et d\u2019\u00e9ventuelles pertes de recettes. Qui plus est, un produit non conforme se verra refuser l\u2019acc\u00e8s au pays de destination, ce qui pourrait avoir des r\u00e9percussions juridiques.[\/vc_column_text][\/vc_column_inner][vc_column_inner width=\u00a0\u00bb1\/2&Prime;][vc_single_image image=\u00a0\u00bb154&Prime; img_size=\u00a0\u00bbfull\u00a0\u00bb alignment=\u00a0\u00bbcenter\u00a0\u00bb][\/vc_column_inner][\/vc_row_inner][vc_column_text css=\u00a0\u00bb.vc_custom_1599623003148{margin-top: 25px !important;}\u00a0\u00bb el_class=\u00a0\u00bbfsize16&Prime;]<\/p>\n<h4>Comment QPS peut-il vous aider?<\/h4>\n<p>Pour vous tailler efficacement une place au sein du march\u00e9 que vous avez cibl\u00e9, vous devez absolument d\u00e9terminer d\u2019abord quels r\u00e8glements et quelles normes s\u2019appliquent \u00e0 ce march\u00e9 et comment s\u2019y conformer.<\/p>\n<p>QPS est un membre actif du r\u00e9gime international de la <a href=\"https:\/\/www.qps.ca\/services\/iecee-cb-scheme-certificates\/\">M\u00e9thode OC de 1\u2019IECEE <\/a>et du <a href=\"https:\/\/www.qps.ca\/services\/iecex-equipment-scheme-certificates\/\">syst\u00e8me IECEx<\/a> \u00e0 titre de laboratoire d\u2019essais et d\u2019organisme de certification national. Cela nous a permis d\u2019acqu\u00e9rir une connaissance approfondie des r\u00e8glements et des exigences des march\u00e9s de nombreux pays aux quatre coins du globe, ainsi que des essais de conformit\u00e9 \u00e0 ces exigences.<\/p>\n<p>Consid\u00e9rez ces m\u00e9thodes comme un passeport vous donnant acc\u00e8s \u00e0 plus d\u2019une cinquantaine de pays dans le monde. QPS mettra vos produits \u00e0 l\u2019essai selon les normes internationales pertinentes de la CEI et les sp\u00e9cifications nationales (le cas \u00e9ch\u00e9ant) des pays de destination. Nous pr\u00e9parerons ensuite les rapports d\u2019essais et certificats pertinents, qui vous serviront \u00e0 obtenir les certifications nationales des pays membres.<br \/>\nEn outre, nous ferons appel \u00e0 notre vaste <a href=\"https:\/\/www.qps.ca\/about\/partners-network\/\" class=\"broken_link\">r\u00e9seau international de partenaires<\/a> pour faire approuver vos produits en votre nom et vous aider \u00e0 :[\/vc_column_text][vc_row_inner][vc_column_inner][vc_column_text]<\/p>\n<ul class=\"common-check\">\n<li>cerner les normes et les r\u00e8glements pertinents pour vos march\u00e9s cibles;<\/li>\n<li>comprendre les exigences applicables;<\/li>\n<li>fournir la formation n\u00e9cessaire \u00e0 votre personnel;<\/li>\n<li>\u00e9tablir et ex\u00e9cuter le programme d\u2019essais requis;<\/li>\n<li>assurer la conformit\u00e9 de vos produits;.<\/li>\n<li>obtenir les marques d\u2019autres organismes de certification dans les pays o\u00f9 ces marques sont demand\u00e9es par les march\u00e9s ou exig\u00e9es par la loi.<\/li>\n<\/ul>\n<p>[\/vc_column_text][\/vc_column_inner][\/vc_row_inner][\/vc_column][\/vc_row]<\/p>\n<\/div>","protected":false},"excerpt":{"rendered":"<p>[vc_row el_class=\u00a0\u00bbfsize16 row-spacing\u00a0\u00bb][vc_column][vc_row_inner][vc_column_inner width=\u00a0\u00bb1\/2&Prime;][vc_column_text] Vue d\u2019ensemble Peu importe l\u2019endroit o\u00f9 vous \u0153uvrez et les produits que vous fabriquez, vous devez probablement livrer concurrence \u00e0 l\u2019\u00e9chelle mondiale et maximiser votre acc\u00e8s aux march\u00e9s de fa\u00e7on \u00e0 demeurer comp\u00e9titifs. Les r\u00e8glements, les normes et les r\u00e9gimes de conformit\u00e9 des produits varient toutefois d\u2019un pays \u00e0 l\u2019autre, voire &hellip; <\/p>\n<p class=\"link-more\"><a href=\"https:\/\/www.qps.ca\/fr\/industries\/global-markets-access-additional-comments\/\" class=\"more-link\">Continue reading<span class=\"screen-reader-text\"> \u00ab\u00a0Acc\u00e8s au march\u00e9 mondial\u00a0\u00bb<\/span><\/a><\/p>\n","protected":false},"author":19,"featured_media":0,"parent":31,"menu_order":0,"comment_status":"closed","ping_status":"closed","template":"full-wdith.php","meta":{"footnotes":""},"class_list":["post-222","page","type-page","status-publish","hentry"],"yoast_head":"<!-- This site is optimized with the Yoast SEO plugin v25.3.1 - https:\/\/yoast.com\/wordpress\/plugins\/seo\/ -->\n<title>Acc\u00e8s au march\u00e9 mondial - Applus+ QPS<\/title>\n<meta name=\"description\" content=\"Our technical experts are highly experienced in the development and application of standards. We assist with the customized services that meet your needs.\" \/>\n<meta name=\"robots\" content=\"index, follow, max-snippet:-1, max-image-preview:large, max-video-preview:-1\" \/>\n<link rel=\"canonical\" href=\"https:\/\/www.qps.ca\/industries\/global-markets-access-additional-comments\/\" \/>\n<meta property=\"og:locale\" content=\"fr_FR\" \/>\n<meta property=\"og:type\" content=\"article\" \/>\n<meta property=\"og:title\" content=\"[:en]Global Market Access[:fr]Acc\u00e8s au march\u00e9 mondial[:] - Applus+ QPS\" \/>\n<meta property=\"og:description\" content=\"Our technical experts are highly experienced in the development and application of standards. We assist with the customized services that meet your needs.\" \/>\n<meta property=\"og:url\" content=\"https:\/\/www.qps.ca\/industries\/global-markets-access-additional-comments\/\" \/>\n<meta property=\"og:site_name\" content=\"Applus+ QPS\" \/>\n<meta property=\"article:modified_time\" content=\"2021-04-07T18:59:16+00:00\" \/>\n<meta name=\"twitter:card\" content=\"summary_large_image\" \/>\n<meta name=\"twitter:label1\" content=\"Dur\u00e9e de lecture estim\u00e9e\" \/>\n\t<meta name=\"twitter:data1\" content=\"4 minutes\" \/>\n<script type=\"application\/ld+json\" class=\"yoast-schema-graph\">{\"@context\":\"https:\/\/schema.org\",\"@graph\":[{\"@type\":\"WebPage\",\"@id\":\"https:\/\/www.qps.ca\/industries\/global-markets-access-additional-comments\/\",\"url\":\"https:\/\/www.qps.ca\/industries\/global-markets-access-additional-comments\/\",\"name\":\"[:en]Global Market Access[:fr]Acc\u00e8s au march\u00e9 mondial[:] - Applus+ QPS\",\"isPartOf\":{\"@id\":\"https:\/\/www.qps.ca\/#website\"},\"datePublished\":\"2018-11-20T07:29:39+00:00\",\"dateModified\":\"2021-04-07T18:59:16+00:00\",\"description\":\"Our technical experts are highly experienced in the development and application of standards. We assist with the customized services that meet your needs.\",\"breadcrumb\":{\"@id\":\"https:\/\/www.qps.ca\/industries\/global-markets-access-additional-comments\/#breadcrumb\"},\"inLanguage\":\"fr-FR\",\"potentialAction\":[{\"@type\":\"ReadAction\",\"target\":[\"https:\/\/www.qps.ca\/industries\/global-markets-access-additional-comments\/\"]}]},{\"@type\":\"BreadcrumbList\",\"@id\":\"https:\/\/www.qps.ca\/industries\/global-markets-access-additional-comments\/#breadcrumb\",\"itemListElement\":[{\"@type\":\"ListItem\",\"position\":1,\"name\":\"Home\",\"item\":\"https:\/\/www.qps.ca\/\"},{\"@type\":\"ListItem\",\"position\":2,\"name\":\"Industries\",\"item\":\"https:\/\/www.qps.ca\/industries\/\"},{\"@type\":\"ListItem\",\"position\":3,\"name\":\"Global Market Access\"}]},{\"@type\":\"WebSite\",\"@id\":\"https:\/\/www.qps.ca\/#website\",\"url\":\"https:\/\/www.qps.ca\/\",\"name\":\"QPS Evaluation Services\",\"description\":\"\",\"publisher\":{\"@id\":\"https:\/\/www.qps.ca\/#organization\"},\"potentialAction\":[{\"@type\":\"SearchAction\",\"target\":{\"@type\":\"EntryPoint\",\"urlTemplate\":\"https:\/\/www.qps.ca\/?s={search_term_string}\"},\"query-input\":{\"@type\":\"PropertyValueSpecification\",\"valueRequired\":true,\"valueName\":\"search_term_string\"}}],\"inLanguage\":\"fr-FR\"},{\"@type\":\"Organization\",\"@id\":\"https:\/\/www.qps.ca\/#organization\",\"name\":\"QPS Evaluation Services Inc.\",\"url\":\"https:\/\/www.qps.ca\/\",\"logo\":{\"@type\":\"ImageObject\",\"inLanguage\":\"fr-FR\",\"@id\":\"https:\/\/www.qps.ca\/#\/schema\/logo\/image\/\",\"url\":\"https:\/\/www.qps.ca\/wp-content\/uploads\/2019\/07\/QPS_ColorLogo.png\",\"contentUrl\":\"https:\/\/www.qps.ca\/wp-content\/uploads\/2019\/07\/QPS_ColorLogo.png\",\"width\":177,\"height\":105,\"caption\":\"QPS Evaluation Services Inc.\"},\"image\":{\"@id\":\"https:\/\/www.qps.ca\/#\/schema\/logo\/image\/\"}}]}<\/script>\n<!-- \/ Yoast SEO plugin. -->","yoast_head_json":{"title":"[:en]Global Market Access[:fr]Acc\u00e8s au march\u00e9 mondial[:] - Applus+ QPS","description":"Our technical experts are highly experienced in the development and application of standards. We assist with the customized services that meet your needs.","robots":{"index":"index","follow":"follow","max-snippet":"max-snippet:-1","max-image-preview":"max-image-preview:large","max-video-preview":"max-video-preview:-1"},"canonical":"https:\/\/www.qps.ca\/industries\/global-markets-access-additional-comments\/","og_locale":"fr_FR","og_type":"article","og_title":"[:en]Global Market Access[:fr]Acc\u00e8s au march\u00e9 mondial[:] - Applus+ QPS","og_description":"Our technical experts are highly experienced in the development and application of standards. We assist with the customized services that meet your needs.","og_url":"https:\/\/www.qps.ca\/industries\/global-markets-access-additional-comments\/","og_site_name":"Applus+ QPS","article_modified_time":"2021-04-07T18:59:16+00:00","twitter_card":"summary_large_image","twitter_misc":{"Dur\u00e9e de lecture estim\u00e9e":"4 minutes"},"schema":{"@context":"https:\/\/schema.org","@graph":[{"@type":"WebPage","@id":"https:\/\/www.qps.ca\/industries\/global-markets-access-additional-comments\/","url":"https:\/\/www.qps.ca\/industries\/global-markets-access-additional-comments\/","name":"[:en]Global Market Access[:fr]Acc\u00e8s au march\u00e9 mondial[:] - Applus+ QPS","isPartOf":{"@id":"https:\/\/www.qps.ca\/#website"},"datePublished":"2018-11-20T07:29:39+00:00","dateModified":"2021-04-07T18:59:16+00:00","description":"Our technical experts are highly experienced in the development and application of standards. We assist with the customized services that meet your needs.","breadcrumb":{"@id":"https:\/\/www.qps.ca\/industries\/global-markets-access-additional-comments\/#breadcrumb"},"inLanguage":"fr-FR","potentialAction":[{"@type":"ReadAction","target":["https:\/\/www.qps.ca\/industries\/global-markets-access-additional-comments\/"]}]},{"@type":"BreadcrumbList","@id":"https:\/\/www.qps.ca\/industries\/global-markets-access-additional-comments\/#breadcrumb","itemListElement":[{"@type":"ListItem","position":1,"name":"Home","item":"https:\/\/www.qps.ca\/"},{"@type":"ListItem","position":2,"name":"Industries","item":"https:\/\/www.qps.ca\/industries\/"},{"@type":"ListItem","position":3,"name":"Global Market Access"}]},{"@type":"WebSite","@id":"https:\/\/www.qps.ca\/#website","url":"https:\/\/www.qps.ca\/","name":"QPS Evaluation Services","description":"","publisher":{"@id":"https:\/\/www.qps.ca\/#organization"},"potentialAction":[{"@type":"SearchAction","target":{"@type":"EntryPoint","urlTemplate":"https:\/\/www.qps.ca\/?s={search_term_string}"},"query-input":{"@type":"PropertyValueSpecification","valueRequired":true,"valueName":"search_term_string"}}],"inLanguage":"fr-FR"},{"@type":"Organization","@id":"https:\/\/www.qps.ca\/#organization","name":"QPS Evaluation Services Inc.","url":"https:\/\/www.qps.ca\/","logo":{"@type":"ImageObject","inLanguage":"fr-FR","@id":"https:\/\/www.qps.ca\/#\/schema\/logo\/image\/","url":"https:\/\/www.qps.ca\/wp-content\/uploads\/2019\/07\/QPS_ColorLogo.png","contentUrl":"https:\/\/www.qps.ca\/wp-content\/uploads\/2019\/07\/QPS_ColorLogo.png","width":177,"height":105,"caption":"QPS Evaluation Services Inc."},"image":{"@id":"https:\/\/www.qps.ca\/#\/schema\/logo\/image\/"}}]}},"_links":{"self":[{"href":"https:\/\/www.qps.ca\/fr\/wp-json\/wp\/v2\/pages\/222","targetHints":{"allow":["GET"]}}],"collection":[{"href":"https:\/\/www.qps.ca\/fr\/wp-json\/wp\/v2\/pages"}],"about":[{"href":"https:\/\/www.qps.ca\/fr\/wp-json\/wp\/v2\/types\/page"}],"author":[{"embeddable":true,"href":"https:\/\/www.qps.ca\/fr\/wp-json\/wp\/v2\/users\/19"}],"replies":[{"embeddable":true,"href":"https:\/\/www.qps.ca\/fr\/wp-json\/wp\/v2\/comments?post=222"}],"version-history":[{"count":4,"href":"https:\/\/www.qps.ca\/fr\/wp-json\/wp\/v2\/pages\/222\/revisions"}],"predecessor-version":[{"id":10530,"href":"https:\/\/www.qps.ca\/fr\/wp-json\/wp\/v2\/pages\/222\/revisions\/10530"}],"up":[{"embeddable":true,"href":"https:\/\/www.qps.ca\/fr\/wp-json\/wp\/v2\/pages\/31"}],"wp:attachment":[{"href":"https:\/\/www.qps.ca\/fr\/wp-json\/wp\/v2\/media?parent=222"}],"curies":[{"name":"wp","href":"https:\/\/api.w.org\/{rel}","templated":true}]}}