{"id":210,"date":"2018-11-20T07:27:07","date_gmt":"2018-11-20T07:27:07","guid":{"rendered":"http:\/\/qps.ca\/?page_id=210"},"modified":"2021-03-30T19:17:03","modified_gmt":"2021-03-30T19:17:03","slug":"information-communication-technology","status":"publish","type":"page","link":"https:\/\/www.qps.ca\/fr\/industries\/information-communication-technology\/","title":{"rendered":"Technologies de l\u2019information et appareils \u00e9lectroniques grand public"},"content":{"rendered":"<div class=\"wpb-content-wrapper\"><p>[vc_row el_class=\u00a0\u00bbfsize16 row-spacing\u00a0\u00bb][vc_column 0=\u00a0\u00bb\u00a0\u00bb][vc_row_inner 0=\u00a0\u00bb\u00a0\u00bb][vc_column_inner width=\u00a0\u00bb1\/2&Prime;][vc_column_text 0=\u00a0\u00bb\u00a0\u00bb]<\/p>\n<h2 class=\"leftalign\"><strong>Vue d\u2019ensemble<\/strong><\/h2>\n<p>\u00c0 mesure que l\u2019\u00e8re de l\u2019information progresse, les produits et les technologies ont tendance \u00e0 converger et \u00e0 fusionner, comme c\u2019est le cas des TI et des appareils audiovisuels. Dans le pass\u00e9, ces deux cat\u00e9gories de produits \u00e9taient r\u00e9gies par normes de s\u00e9curit\u00e9 distinctes, soit les normes IEC\/UL\/CSA 60950 sur la s\u00fbret\u00e9 du mat\u00e9riel de technologies de l\u2019information et IEC\/UL\/CSA 60065 sur l\u2019appareillage audiovisuel. Aujourd\u2019hui, ces deux normes n\u2019en font plus qu\u2019une, soit la norme internationale IEC 62368-1 sur le mat\u00e9riel multim\u00e9dia. Les normes suivantes sont cependant toujours en vigueur :[\/vc_column_text][vc_column_text 0=\u00a0\u00bb\u00a0\u00bb]<\/p>\n<ul class=\"common-check\">\n<li>les normes ANSI\/UL 60950 et ANSI\/UL 60065;<\/li>\n<li>les normes CAN\/CSA 60950 et CAN\/CSA 60065;<\/li>\n<li>les normes IEC\/EN 60950 et IEC\/EN 60065;<\/li>\n<li>les normes IEC\/EN 62368-1, UL 62368-1 et CSA 62368-1.<\/li>\n<\/ul>\n<p>[\/vc_column_text][\/vc_column_inner][vc_column_inner width=\u00a0\u00bb1\/2&Prime;][vc_single_image image=\u00a0\u00bb154&Prime; img_size=\u00a0\u00bbfull\u00a0\u00bb alignment=\u00a0\u00bbcenter\u00a0\u00bb][\/vc_column_inner][\/vc_row_inner][vc_column_text css=\u00a0\u00bb.vc_custom_1599463079732{margin-top: 25px !important;}\u00a0\u00bb]<\/p>\n<h4>Comment QPS peut-il vous aider?<\/h4>\n<p>[\/vc_column_text][vc_column_text css=\u00a0\u00bb.vc_custom_1599625341500{margin-top: 25px !important;}\u00a0\u00bb el_class=\u00a0\u00bbfsize16&Prime;]Que vous soyez un fabricant, un importateur ou un d\u00e9taillant d\u2019appareils \u00e9lectroniques et de TI, sachez que vous \u00eates tenu de respecter les normes et les codes de s\u00e9curit\u00e9 nationaux et internationaux de mani\u00e8re \u00e0 r\u00e9duire les risques li\u00e9s \u00e0 l\u2019exploitation.<\/p>\n<p>Les normes qui s\u2019appliquent aux TI et aux appareils audiovisuels peuvent \u00eatre d\u2019une grande complexit\u00e9, mais la marche \u00e0 suivre pour le faire approuver ne devrait pas l\u2019\u00eatre. Il suffit de choisir le bon organisme d\u2019approbation.<\/p>\n<p>Nous comprenons les d\u00e9fis particuliers que vous devez relever et nous vous offrons l\u2019expertise et le service dont vous avez besoin pour respecter les \u00e9ch\u00e9ances et les demandes de vos clients et des march\u00e9s.<\/p>\n<p>Nos services d\u2019essais et de certification sont con\u00e7us pour vous donner un acc\u00e8s direct \u00e0 nos experts techniques, qui vous aideront \u00e0 d\u00e9terminer les normes pertinentes et \u00e0 comprendre les exigences techniques et r\u00e9glementaires. Comme ils supervisent votre projet du d\u00e9but \u00e0 la fin, ils vous aideront \u00e0 lancer vos produits sur les march\u00e9s cibles dans les d\u00e9lais et le budget pr\u00e9vus.<\/p>\n<p>QPS peut r\u00e9pondre \u00e0 vos besoins en mati\u00e8re de services d\u2019essais et de certification selon des normes r\u00e9gionales, nationales et internationales. Si vous pr\u00e9f\u00e9rez g\u00e9rer vous-m\u00eame le calendrier des travaux en effectuant les essais dans vos propres installations, vous pouvez opter pour l\u2019un de nos programmes d\u2019essais sur place tels que les <a href=\"https:\/\/www.qps.ca\/services\/product-approval-safety-testing-certification\/#testingOptions\">essais en pr\u00e9sence d\u2019un observateur <\/a>et les <a href=\"https:\/\/www.qps.ca\/services\/product-approval-safety-testing-certification\/#testingOptions\">essais du fabricant supervis\u00e9s.<\/a>.<\/p>\n<p>Peu importe o\u00f9 vous vous trouvez, QPS peut vous aider \u00e0 pied d\u2019\u0153uvre, gr\u00e2ce \u00e0 ses services personnalis\u00e9s qui r\u00e9pondent \u00e0 vos besoins en mati\u00e8re d\u2019approbation de produits. Outre notre <a href=\"https:\/\/www.qps.ca\/services\/technical-advisory-service\/\">service consultatif technique <\/a>et notre <a href=\"https:\/\/www.qps.ca\/services\/on-site-field-evaluation-of-electrical-equipment\/\">service d\u2019\u00e9valuation sur place,<\/a>nous offrons des services d\u2019essais et de certification pour l\u2019Am\u00e9rique du Nord et le march\u00e9 mondial selon les exigences de la <a href=\"https:\/\/www.qps.ca\/services\/iecee-cb-scheme-certificates\/\">M\u00e9thode OC de l\u2019IECEE.<\/a>.<\/p>\n<p><strong>Marques de certification et \u00e9tiquettes d\u2019approbation QPS<\/strong><\/p>\n<p>Les autorit\u00e9s r\u00e9glementaires comp\u00e9tentes (ARC) des \u00c9tats-Unis et du Canada reconnaissent et acceptent les marques et les \u00e9tiquettes d\u2019approbation QPS, qu\u2019elles consid\u00e8rent comme une preuve de conformit\u00e9 aux normes et aux codes de s\u00e9curit\u00e9 pertinents d\u2019Am\u00e9rique du Nord. Les marques et \u00e9tiquettes QPS d\u00e9montrent \u00e0 vos clients, aux distributeurs et aux ARC que votre appareillage a \u00e9t\u00e9 mis \u00e0 l\u2019essai et certifi\u00e9.[\/vc_column_text][vc_row_inner 0=\u00a0\u00bb\u00a0\u00bb][vc_column_inner width=\u00a0\u00bb1\/2&Prime;][vc_column_text 0=\u00a0\u00bb\u00a0\u00bb]<\/p>\n<ul class=\"common-check\">\n<li>Mise \u00e0 l\u2019essai pr\u00e9alable \u00e0 la certification et \u00e9valuation visant \u00e0 v\u00e9rifier la conception des produits<\/li>\n<li>Essais et certification pour l\u2019Am\u00e9rique du Nord<\/li>\n<li>Essais et certification permettant d\u2019acc\u00e9der aux march\u00e9s mondiaux gr\u00e2ce \u00e0 la <a href=\"https:\/\/www.qps.ca\/services\/iecee-cb-scheme-certificates\/\">M\u00e9thode OC de l\u2019IECEE<\/a><\/li>\n<\/ul>\n<p>[\/vc_column_text][\/vc_column_inner][vc_column_inner width=\u00a0\u00bb1\/2&Prime;][vc_column_text 0=\u00a0\u00bb\u00a0\u00bb]<\/p>\n<ul class=\"common-check\">\n<li>Pr\u00e9paration de rapports d\u2019essais et de rapports techniques \u00e0 l\u2019appui de la d\u00e9claration de conformit\u00e9 (DC) du fabricant en vue de l\u2019obtention de la marque CE<\/li>\n<li>S\u00e9minaires personnalis\u00e9s de formation sur place et \u00e0 l\u2019ext\u00e9rieur<\/li>\n<li><a href=\"https:\/\/www.qps.ca\/services\/on-site-field-evaluation-of-electrical-equipment\/\">Service d\u2019\u00e9valuation sur place<\/a> selon les normes SPE 1000 et SPE 3000<\/li>\n<\/ul>\n<p>[\/vc_column_text][\/vc_column_inner][\/vc_row_inner][vc_column_text css=\u00a0\u00bb.vc_custom_1599463462025{margin-top: 25px !important;}\u00a0\u00bb]<\/p>\n<h4>Quoi faire pour garantir le respect des normes ci-dessus?<\/h4>\n<p>[\/vc_column_text][vc_column_text css=\u00a0\u00bb.vc_custom_1599463476249{margin-top: 25px !important;}\u00a0\u00bb el_class=\u00a0\u00bbfsize16&Prime;]Il est extr\u00eamement important de bien comprendre les exigences d\u00e9finies dans les normes et d\u2019en tenir compte d\u00e8s le d\u00e9but du processus de conception. Vous pourrez ainsi choisir les composants ad\u00e9quats et int\u00e9grer la conformit\u00e9 au produit lui-m\u00eame, faute de quoi vous risquez par la suite d\u2019avoir \u00e0 apporter de co\u00fbteuses modifications \u00e0 votre conception.[\/vc_column_text][\/vc_column][\/vc_row]<\/p>\n<\/div>","protected":false},"excerpt":{"rendered":"<p>[vc_row el_class=\u00a0\u00bbfsize16 row-spacing\u00a0\u00bb][vc_column 0=\u00a0\u00bb\u00a0\u00bb][vc_row_inner 0=\u00a0\u00bb\u00a0\u00bb][vc_column_inner width=\u00a0\u00bb1\/2&Prime;][vc_column_text 0=\u00a0\u00bb\u00a0\u00bb] Vue d\u2019ensemble \u00c0 mesure que l\u2019\u00e8re de l\u2019information progresse, les produits et les technologies ont tendance \u00e0 converger et \u00e0 fusionner, comme c\u2019est le cas des TI et des appareils audiovisuels. Dans le pass\u00e9, ces deux cat\u00e9gories de produits \u00e9taient r\u00e9gies par normes de s\u00e9curit\u00e9 distinctes, soit les &hellip; <\/p>\n<p class=\"link-more\"><a href=\"https:\/\/www.qps.ca\/fr\/industries\/information-communication-technology\/\" class=\"more-link\">Continue reading<span class=\"screen-reader-text\"> \u00ab\u00a0Technologies de l\u2019information et appareils \u00e9lectroniques grand public\u00a0\u00bb<\/span><\/a><\/p>\n","protected":false},"author":19,"featured_media":0,"parent":31,"menu_order":0,"comment_status":"closed","ping_status":"closed","template":"full-wdith.php","meta":{"footnotes":""},"class_list":["post-210","page","type-page","status-publish","hentry"],"yoast_head":"<!-- This site is optimized with the Yoast SEO plugin v25.3.1 - https:\/\/yoast.com\/wordpress\/plugins\/seo\/ -->\n<title>Technologies de l\u2019information et appareils \u00e9lectroniques grand public - Applus+ QPS<\/title>\n<meta name=\"description\" content=\"The QPS mark by QPS Evaluation Services is a guarantee for your customers, distributors, and authorities that your equipment has been tested and verified.\" \/>\n<meta name=\"robots\" content=\"index, follow, max-snippet:-1, max-image-preview:large, max-video-preview:-1\" \/>\n<link rel=\"canonical\" href=\"https:\/\/www.qps.ca\/industries\/information-communication-technology\/\" \/>\n<meta property=\"og:locale\" content=\"fr_FR\" \/>\n<meta property=\"og:type\" content=\"article\" \/>\n<meta property=\"og:title\" content=\"[:en]Information Technology &amp; Consumer Electronic Devices[:fr]Technologies de l\u2019information et appareils \u00e9lectroniques grand public[:] - Applus+ QPS\" \/>\n<meta property=\"og:description\" content=\"The QPS mark by QPS Evaluation Services is a guarantee for your customers, distributors, and authorities that your equipment has been tested and verified.\" \/>\n<meta property=\"og:url\" content=\"https:\/\/www.qps.ca\/industries\/information-communication-technology\/\" \/>\n<meta property=\"og:site_name\" content=\"Applus+ QPS\" \/>\n<meta property=\"article:modified_time\" content=\"2021-03-30T19:17:03+00:00\" \/>\n<meta name=\"twitter:card\" content=\"summary_large_image\" \/>\n<meta name=\"twitter:label1\" content=\"Dur\u00e9e de lecture estim\u00e9e\" \/>\n\t<meta name=\"twitter:data1\" content=\"8 minutes\" \/>\n<script type=\"application\/ld+json\" class=\"yoast-schema-graph\">{\"@context\":\"https:\/\/schema.org\",\"@graph\":[{\"@type\":\"WebPage\",\"@id\":\"https:\/\/www.qps.ca\/industries\/information-communication-technology\/\",\"url\":\"https:\/\/www.qps.ca\/industries\/information-communication-technology\/\",\"name\":\"[:en]Information Technology & Consumer Electronic Devices[:fr]Technologies de l\u2019information et appareils \u00e9lectroniques grand public[:] - Applus+ QPS\",\"isPartOf\":{\"@id\":\"https:\/\/www.qps.ca\/#website\"},\"datePublished\":\"2018-11-20T07:27:07+00:00\",\"dateModified\":\"2021-03-30T19:17:03+00:00\",\"description\":\"The QPS mark by QPS Evaluation Services is a guarantee for your customers, distributors, and authorities that your equipment has been tested and verified.\",\"breadcrumb\":{\"@id\":\"https:\/\/www.qps.ca\/industries\/information-communication-technology\/#breadcrumb\"},\"inLanguage\":\"fr-FR\",\"potentialAction\":[{\"@type\":\"ReadAction\",\"target\":[\"https:\/\/www.qps.ca\/industries\/information-communication-technology\/\"]}]},{\"@type\":\"BreadcrumbList\",\"@id\":\"https:\/\/www.qps.ca\/industries\/information-communication-technology\/#breadcrumb\",\"itemListElement\":[{\"@type\":\"ListItem\",\"position\":1,\"name\":\"Home\",\"item\":\"https:\/\/www.qps.ca\/\"},{\"@type\":\"ListItem\",\"position\":2,\"name\":\"Industries\",\"item\":\"https:\/\/www.qps.ca\/industries\/\"},{\"@type\":\"ListItem\",\"position\":3,\"name\":\"Information Technology &#038; Consumer Electronic Devices\"}]},{\"@type\":\"WebSite\",\"@id\":\"https:\/\/www.qps.ca\/#website\",\"url\":\"https:\/\/www.qps.ca\/\",\"name\":\"QPS Evaluation Services\",\"description\":\"\",\"publisher\":{\"@id\":\"https:\/\/www.qps.ca\/#organization\"},\"potentialAction\":[{\"@type\":\"SearchAction\",\"target\":{\"@type\":\"EntryPoint\",\"urlTemplate\":\"https:\/\/www.qps.ca\/?s={search_term_string}\"},\"query-input\":{\"@type\":\"PropertyValueSpecification\",\"valueRequired\":true,\"valueName\":\"search_term_string\"}}],\"inLanguage\":\"fr-FR\"},{\"@type\":\"Organization\",\"@id\":\"https:\/\/www.qps.ca\/#organization\",\"name\":\"QPS Evaluation Services Inc.\",\"url\":\"https:\/\/www.qps.ca\/\",\"logo\":{\"@type\":\"ImageObject\",\"inLanguage\":\"fr-FR\",\"@id\":\"https:\/\/www.qps.ca\/#\/schema\/logo\/image\/\",\"url\":\"https:\/\/www.qps.ca\/wp-content\/uploads\/2019\/07\/QPS_ColorLogo.png\",\"contentUrl\":\"https:\/\/www.qps.ca\/wp-content\/uploads\/2019\/07\/QPS_ColorLogo.png\",\"width\":177,\"height\":105,\"caption\":\"QPS Evaluation Services Inc.\"},\"image\":{\"@id\":\"https:\/\/www.qps.ca\/#\/schema\/logo\/image\/\"}}]}<\/script>\n<!-- \/ Yoast SEO plugin. -->","yoast_head_json":{"title":"[:en]Information Technology & Consumer Electronic Devices[:fr]Technologies de l\u2019information et appareils \u00e9lectroniques grand public[:] - Applus+ QPS","description":"The QPS mark by QPS Evaluation Services is a guarantee for your customers, distributors, and authorities that your equipment has been tested and verified.","robots":{"index":"index","follow":"follow","max-snippet":"max-snippet:-1","max-image-preview":"max-image-preview:large","max-video-preview":"max-video-preview:-1"},"canonical":"https:\/\/www.qps.ca\/industries\/information-communication-technology\/","og_locale":"fr_FR","og_type":"article","og_title":"[:en]Information Technology & Consumer Electronic Devices[:fr]Technologies de l\u2019information et appareils \u00e9lectroniques grand public[:] - Applus+ QPS","og_description":"The QPS mark by QPS Evaluation Services is a guarantee for your customers, distributors, and authorities that your equipment has been tested and verified.","og_url":"https:\/\/www.qps.ca\/industries\/information-communication-technology\/","og_site_name":"Applus+ QPS","article_modified_time":"2021-03-30T19:17:03+00:00","twitter_card":"summary_large_image","twitter_misc":{"Dur\u00e9e de lecture estim\u00e9e":"8 minutes"},"schema":{"@context":"https:\/\/schema.org","@graph":[{"@type":"WebPage","@id":"https:\/\/www.qps.ca\/industries\/information-communication-technology\/","url":"https:\/\/www.qps.ca\/industries\/information-communication-technology\/","name":"[:en]Information Technology & Consumer Electronic Devices[:fr]Technologies de l\u2019information et appareils \u00e9lectroniques grand public[:] - Applus+ QPS","isPartOf":{"@id":"https:\/\/www.qps.ca\/#website"},"datePublished":"2018-11-20T07:27:07+00:00","dateModified":"2021-03-30T19:17:03+00:00","description":"The QPS mark by QPS Evaluation Services is a guarantee for your customers, distributors, and authorities that your equipment has been tested and verified.","breadcrumb":{"@id":"https:\/\/www.qps.ca\/industries\/information-communication-technology\/#breadcrumb"},"inLanguage":"fr-FR","potentialAction":[{"@type":"ReadAction","target":["https:\/\/www.qps.ca\/industries\/information-communication-technology\/"]}]},{"@type":"BreadcrumbList","@id":"https:\/\/www.qps.ca\/industries\/information-communication-technology\/#breadcrumb","itemListElement":[{"@type":"ListItem","position":1,"name":"Home","item":"https:\/\/www.qps.ca\/"},{"@type":"ListItem","position":2,"name":"Industries","item":"https:\/\/www.qps.ca\/industries\/"},{"@type":"ListItem","position":3,"name":"Information Technology &#038; Consumer Electronic Devices"}]},{"@type":"WebSite","@id":"https:\/\/www.qps.ca\/#website","url":"https:\/\/www.qps.ca\/","name":"QPS Evaluation Services","description":"","publisher":{"@id":"https:\/\/www.qps.ca\/#organization"},"potentialAction":[{"@type":"SearchAction","target":{"@type":"EntryPoint","urlTemplate":"https:\/\/www.qps.ca\/?s={search_term_string}"},"query-input":{"@type":"PropertyValueSpecification","valueRequired":true,"valueName":"search_term_string"}}],"inLanguage":"fr-FR"},{"@type":"Organization","@id":"https:\/\/www.qps.ca\/#organization","name":"QPS Evaluation Services Inc.","url":"https:\/\/www.qps.ca\/","logo":{"@type":"ImageObject","inLanguage":"fr-FR","@id":"https:\/\/www.qps.ca\/#\/schema\/logo\/image\/","url":"https:\/\/www.qps.ca\/wp-content\/uploads\/2019\/07\/QPS_ColorLogo.png","contentUrl":"https:\/\/www.qps.ca\/wp-content\/uploads\/2019\/07\/QPS_ColorLogo.png","width":177,"height":105,"caption":"QPS Evaluation Services Inc."},"image":{"@id":"https:\/\/www.qps.ca\/#\/schema\/logo\/image\/"}}]}},"_links":{"self":[{"href":"https:\/\/www.qps.ca\/fr\/wp-json\/wp\/v2\/pages\/210","targetHints":{"allow":["GET"]}}],"collection":[{"href":"https:\/\/www.qps.ca\/fr\/wp-json\/wp\/v2\/pages"}],"about":[{"href":"https:\/\/www.qps.ca\/fr\/wp-json\/wp\/v2\/types\/page"}],"author":[{"embeddable":true,"href":"https:\/\/www.qps.ca\/fr\/wp-json\/wp\/v2\/users\/19"}],"replies":[{"embeddable":true,"href":"https:\/\/www.qps.ca\/fr\/wp-json\/wp\/v2\/comments?post=210"}],"version-history":[{"count":11,"href":"https:\/\/www.qps.ca\/fr\/wp-json\/wp\/v2\/pages\/210\/revisions"}],"predecessor-version":[{"id":9520,"href":"https:\/\/www.qps.ca\/fr\/wp-json\/wp\/v2\/pages\/210\/revisions\/9520"}],"up":[{"embeddable":true,"href":"https:\/\/www.qps.ca\/fr\/wp-json\/wp\/v2\/pages\/31"}],"wp:attachment":[{"href":"https:\/\/www.qps.ca\/fr\/wp-json\/wp\/v2\/media?parent=210"}],"curies":[{"name":"wp","href":"https:\/\/api.w.org\/{rel}","templated":true}]}}