{"id":164,"date":"2018-11-20T07:16:04","date_gmt":"2018-11-20T07:16:04","guid":{"rendered":"http:\/\/qps.ca\/?page_id=164"},"modified":"2020-04-10T05:03:58","modified_gmt":"2020-04-10T05:03:58","slug":"on-site-field-evaluation-of-fuel-burning-appliances-equipment","status":"publish","type":"page","link":"https:\/\/www.qps.ca\/fr\/services\/on-site-field-evaluation-of-fuel-burning-appliances-equipment\/","title":{"rendered":"\u00c9valuation sur place d\u2019appareils et d\u2019\u00e9quipement de combustion"},"content":{"rendered":"<div class=\"wpb-content-wrapper\"><p>[vc_row el_class=\u00a0\u00bbfsize16 row-spacing\u00a0\u00bb][vc_column 0=\u00a0\u00bb\u00a0\u00bb][vc_column_text 0=\u00a0\u00bb\u00a0\u00bb]<\/p>\n<h2 class=\"leftalign\"><strong>Vue d&rsquo;ensemble<\/strong><\/h2>\n<p>Gr\u00e2ce \u00e0 ses ing\u00e9nieurs hautement comp\u00e9tents qui ont de nombreuses ann\u00e9es d&rsquo;exp\u00e9rience pratique, QPS offre une \u00e9valuation sur place juste \u00e0 temps d\u2019appareils et d\u2019\u00e9quipement de combustion, incluant des syst\u00e8mes les plus complexes, selon les normes et codes applicables au Canada ou aux \u00c9tats-Unis.<\/p>\n<p>Au Canada, les appareils et \u00e9quipements de combustion sont \u00e9valu\u00e9s selon les exigences du Code CSA B149.3 et(ou) d&rsquo;autres normes applicables convenues avec l&rsquo;autorit\u00e9 comp\u00e9tente locale. Les produits conformes sont \u00e9tiquet\u00e9s \u00e0 l&rsquo;aide de l&rsquo;\u00e9tiquette QPS ci-dessous :<\/p>\n<p><img loading=\"lazy\" decoding=\"async\" class=\"aligncenter wp-image-881 size-large\" src=\"https:\/\/www.qps.ca\/wp-content\/uploads\/2019\/05\/QPS_Label_5_GFL-683x1024.png\" alt=\"\" width=\"525\" height=\"787\" \/><\/p>\n<p>Aux \u00c9tats-Unis, les appareils et \u00e9quipements de combustion sont \u00e9valu\u00e9s selon les normes applicables, y compris NFPA 85, NFPA 86, UL 795, ANSI Z83.11\/CSA 1.8, et(ou) d&rsquo;autres normes applicables convenues avec l&rsquo;autorit\u00e9 comp\u00e9tente locale. Les produits conformes sont \u00e9tiquet\u00e9s \u00e0 l&rsquo;aide de l&rsquo;\u00e9tiquette QPS ci-dessous :<br \/>\n<img loading=\"lazy\" decoding=\"async\" class=\"wp-image-880 size-medium aligncenter\" src=\"https:\/\/www.qps.ca\/wp-content\/uploads\/2019\/05\/QPS_Label_3_GFE-300x150.png\" alt=\"\" width=\"300\" height=\"150\" \/><\/p>\n<h4>\u00c9valuation de l&rsquo;appareillage d&rsquo;\u00e9nergie de susbstitution<\/h4>\n<p>Les distributeurs d&rsquo;hydrog\u00e8ne, les compresseurs d&rsquo;hydrog\u00e8ne, les distributeurs de gaz naturel, les compresseurs de gaz naturel et l&rsquo;appareillage pertinent sont \u00e9valu\u00e9s selon les exigences de ANSI\/HGV 4.1, ANSI\/HGV 4.8, NFPA 2, BNQ 1784, ISO 22734-1, ANSI\/NGV 4.1, ANSI\/NGV 4.8, NFPA 52, CSA B108 et autres normes applicables convenues avec l&rsquo;autorit\u00e9 comp\u00e9tente locale.<\/p>\n<h4>Quand devriez-vous choisir l&rsquo;\u00e9valuation sur place?<\/h4>\n<ul class=\"common-check\">\n<li>L&rsquo;appareillage est construit sur mesure et ne porte pas d&rsquo;\u00e9tiquette d&rsquo;approbation<\/li>\n<li>L&rsquo;appareillage est import\u00e9 et ne porte pas d&rsquo;\u00e9tiquette d&rsquo;approbation<\/li>\n<li>Vous souhaitez faire \u00e9valuer votre design avant de la soumettre \u00e0 la certification compl\u00e8te<\/li>\n<li>Aucune norme de certification existante ne s&rsquo;applique \u00e0 votre produit<\/li>\n<li>L&rsquo;appareillage n&rsquo;est pas neuf et est d\u00e9j\u00e0 install\u00e9<\/li>\n<\/ul>\n<p>[\/vc_column_text][vc_row_inner 0=\u00a0\u00bb\u00a0\u00bb][vc_column_inner 0=\u00a0\u00bb\u00a0\u00bb][\/vc_column_inner][\/vc_row_inner][\/vc_column][\/vc_row]<\/p>\n<\/div>","protected":false},"excerpt":{"rendered":"<p>[vc_row el_class=\u00a0\u00bbfsize16 row-spacing\u00a0\u00bb][vc_column 0=\u00a0\u00bb\u00a0\u00bb][vc_column_text 0=\u00a0\u00bb\u00a0\u00bb] Vue d&rsquo;ensemble Gr\u00e2ce \u00e0 ses ing\u00e9nieurs hautement comp\u00e9tents qui ont de nombreuses ann\u00e9es d&rsquo;exp\u00e9rience pratique, QPS offre une \u00e9valuation sur place juste \u00e0 temps d\u2019appareils et d\u2019\u00e9quipement de combustion, incluant des syst\u00e8mes les plus complexes, selon les normes et codes applicables au Canada ou aux \u00c9tats-Unis. Au Canada, les appareils &hellip; <\/p>\n<p class=\"link-more\"><a href=\"https:\/\/www.qps.ca\/fr\/services\/on-site-field-evaluation-of-fuel-burning-appliances-equipment\/\" class=\"more-link\">Continue reading<span class=\"screen-reader-text\"> \u00ab\u00a0\u00c9valuation sur place d\u2019appareils et d\u2019\u00e9quipement de combustion\u00a0\u00bb<\/span><\/a><\/p>\n","protected":false},"author":19,"featured_media":0,"parent":33,"menu_order":0,"comment_status":"closed","ping_status":"closed","template":"full-wdith.php","meta":{"footnotes":""},"class_list":["post-164","page","type-page","status-publish","hentry"],"yoast_head":"<!-- This site is optimized with the Yoast SEO plugin v25.3.1 - https:\/\/yoast.com\/wordpress\/plugins\/seo\/ -->\n<title>\u00c9valuation sur place d\u2019appareils et d\u2019\u00e9quipement de combustion<\/title>\n<meta name=\"description\" content=\"QPS Evaluation Services is a team of highly expert engineers that have hands-on-experience. We offer a field analysis of fuel burning equipment.\" \/>\n<meta name=\"robots\" content=\"index, follow, max-snippet:-1, max-image-preview:large, max-video-preview:-1\" \/>\n<link rel=\"canonical\" href=\"https:\/\/www.qps.ca\/services\/on-site-field-evaluation-of-fuel-burning-appliances-equipment\/\" \/>\n<meta property=\"og:locale\" content=\"fr_FR\" \/>\n<meta property=\"og:type\" content=\"article\" \/>\n<meta property=\"og:title\" content=\"[:en]On-Site Field Evaluation of Fuel Burning Appliances &amp; Equipment[:fr]\u00c9valuation sur place d\u2019appareils et d\u2019\u00e9quipement de combustion[:]\" \/>\n<meta property=\"og:description\" content=\"QPS Evaluation Services is a team of highly expert engineers that have hands-on-experience. We offer a field analysis of fuel burning equipment.\" \/>\n<meta property=\"og:url\" content=\"https:\/\/www.qps.ca\/services\/on-site-field-evaluation-of-fuel-burning-appliances-equipment\/\" \/>\n<meta property=\"og:site_name\" content=\"Applus+ QPS\" \/>\n<meta property=\"article:modified_time\" content=\"2020-04-10T05:03:58+00:00\" \/>\n<meta property=\"og:image\" content=\"https:\/\/www.qps.ca\/wp-content\/uploads\/2019\/05\/QPS_Label_5_GFL-683x1024.png\" \/>\n<meta name=\"twitter:card\" content=\"summary_large_image\" \/>\n<meta name=\"twitter:label1\" content=\"Dur\u00e9e de lecture estim\u00e9e\" \/>\n\t<meta name=\"twitter:data1\" content=\"3 minutes\" \/>\n<script type=\"application\/ld+json\" class=\"yoast-schema-graph\">{\"@context\":\"https:\/\/schema.org\",\"@graph\":[{\"@type\":\"WebPage\",\"@id\":\"https:\/\/www.qps.ca\/services\/on-site-field-evaluation-of-fuel-burning-appliances-equipment\/\",\"url\":\"https:\/\/www.qps.ca\/services\/on-site-field-evaluation-of-fuel-burning-appliances-equipment\/\",\"name\":\"[:en]On-Site Field Evaluation of Fuel Burning Appliances & Equipment[:fr]\u00c9valuation sur place d\u2019appareils et d\u2019\u00e9quipement de combustion[:]\",\"isPartOf\":{\"@id\":\"https:\/\/www.qps.ca\/#website\"},\"primaryImageOfPage\":{\"@id\":\"https:\/\/www.qps.ca\/services\/on-site-field-evaluation-of-fuel-burning-appliances-equipment\/#primaryimage\"},\"image\":{\"@id\":\"https:\/\/www.qps.ca\/services\/on-site-field-evaluation-of-fuel-burning-appliances-equipment\/#primaryimage\"},\"thumbnailUrl\":\"https:\/\/www.qps.ca\/wp-content\/uploads\/2019\/05\/QPS_Label_5_GFL-683x1024.png\",\"datePublished\":\"2018-11-20T07:16:04+00:00\",\"dateModified\":\"2020-04-10T05:03:58+00:00\",\"description\":\"QPS Evaluation Services is a team of highly expert engineers that have hands-on-experience. We offer a field analysis of fuel burning equipment.\",\"breadcrumb\":{\"@id\":\"https:\/\/www.qps.ca\/services\/on-site-field-evaluation-of-fuel-burning-appliances-equipment\/#breadcrumb\"},\"inLanguage\":\"fr-FR\",\"potentialAction\":[{\"@type\":\"ReadAction\",\"target\":[\"https:\/\/www.qps.ca\/services\/on-site-field-evaluation-of-fuel-burning-appliances-equipment\/\"]}]},{\"@type\":\"ImageObject\",\"inLanguage\":\"fr-FR\",\"@id\":\"https:\/\/www.qps.ca\/services\/on-site-field-evaluation-of-fuel-burning-appliances-equipment\/#primaryimage\",\"url\":\"https:\/\/www.qps.ca\/wp-content\/uploads\/2019\/05\/QPS_Label_5_GFL-683x1024.png\",\"contentUrl\":\"https:\/\/www.qps.ca\/wp-content\/uploads\/2019\/05\/QPS_Label_5_GFL-683x1024.png\"},{\"@type\":\"BreadcrumbList\",\"@id\":\"https:\/\/www.qps.ca\/services\/on-site-field-evaluation-of-fuel-burning-appliances-equipment\/#breadcrumb\",\"itemListElement\":[{\"@type\":\"ListItem\",\"position\":1,\"name\":\"Home\",\"item\":\"https:\/\/www.qps.ca\/\"},{\"@type\":\"ListItem\",\"position\":2,\"name\":\"Services\",\"item\":\"https:\/\/www.qps.ca\/services\/\"},{\"@type\":\"ListItem\",\"position\":3,\"name\":\"On-Site Field Evaluation of Fuel Burning Appliances &#038; Equipment\"}]},{\"@type\":\"WebSite\",\"@id\":\"https:\/\/www.qps.ca\/#website\",\"url\":\"https:\/\/www.qps.ca\/\",\"name\":\"QPS Evaluation Services\",\"description\":\"\",\"publisher\":{\"@id\":\"https:\/\/www.qps.ca\/#organization\"},\"potentialAction\":[{\"@type\":\"SearchAction\",\"target\":{\"@type\":\"EntryPoint\",\"urlTemplate\":\"https:\/\/www.qps.ca\/?s={search_term_string}\"},\"query-input\":{\"@type\":\"PropertyValueSpecification\",\"valueRequired\":true,\"valueName\":\"search_term_string\"}}],\"inLanguage\":\"fr-FR\"},{\"@type\":\"Organization\",\"@id\":\"https:\/\/www.qps.ca\/#organization\",\"name\":\"QPS Evaluation Services Inc.\",\"url\":\"https:\/\/www.qps.ca\/\",\"logo\":{\"@type\":\"ImageObject\",\"inLanguage\":\"fr-FR\",\"@id\":\"https:\/\/www.qps.ca\/#\/schema\/logo\/image\/\",\"url\":\"https:\/\/www.qps.ca\/wp-content\/uploads\/2019\/07\/QPS_ColorLogo.png\",\"contentUrl\":\"https:\/\/www.qps.ca\/wp-content\/uploads\/2019\/07\/QPS_ColorLogo.png\",\"width\":177,\"height\":105,\"caption\":\"QPS Evaluation Services Inc.\"},\"image\":{\"@id\":\"https:\/\/www.qps.ca\/#\/schema\/logo\/image\/\"}}]}<\/script>\n<!-- \/ Yoast SEO plugin. -->","yoast_head_json":{"title":"[:en]On-Site Field Evaluation of Fuel Burning Appliances & Equipment[:fr]\u00c9valuation sur place d\u2019appareils et d\u2019\u00e9quipement de combustion[:]","description":"QPS Evaluation Services is a team of highly expert engineers that have hands-on-experience. We offer a field analysis of fuel burning equipment.","robots":{"index":"index","follow":"follow","max-snippet":"max-snippet:-1","max-image-preview":"max-image-preview:large","max-video-preview":"max-video-preview:-1"},"canonical":"https:\/\/www.qps.ca\/services\/on-site-field-evaluation-of-fuel-burning-appliances-equipment\/","og_locale":"fr_FR","og_type":"article","og_title":"[:en]On-Site Field Evaluation of Fuel Burning Appliances & Equipment[:fr]\u00c9valuation sur place d\u2019appareils et d\u2019\u00e9quipement de combustion[:]","og_description":"QPS Evaluation Services is a team of highly expert engineers that have hands-on-experience. We offer a field analysis of fuel burning equipment.","og_url":"https:\/\/www.qps.ca\/services\/on-site-field-evaluation-of-fuel-burning-appliances-equipment\/","og_site_name":"Applus+ QPS","article_modified_time":"2020-04-10T05:03:58+00:00","og_image":[{"url":"https:\/\/www.qps.ca\/wp-content\/uploads\/2019\/05\/QPS_Label_5_GFL-683x1024.png","type":"","width":"","height":""}],"twitter_card":"summary_large_image","twitter_misc":{"Dur\u00e9e de lecture estim\u00e9e":"3 minutes"},"schema":{"@context":"https:\/\/schema.org","@graph":[{"@type":"WebPage","@id":"https:\/\/www.qps.ca\/services\/on-site-field-evaluation-of-fuel-burning-appliances-equipment\/","url":"https:\/\/www.qps.ca\/services\/on-site-field-evaluation-of-fuel-burning-appliances-equipment\/","name":"[:en]On-Site Field Evaluation of Fuel Burning Appliances & Equipment[:fr]\u00c9valuation sur place d\u2019appareils et d\u2019\u00e9quipement de combustion[:]","isPartOf":{"@id":"https:\/\/www.qps.ca\/#website"},"primaryImageOfPage":{"@id":"https:\/\/www.qps.ca\/services\/on-site-field-evaluation-of-fuel-burning-appliances-equipment\/#primaryimage"},"image":{"@id":"https:\/\/www.qps.ca\/services\/on-site-field-evaluation-of-fuel-burning-appliances-equipment\/#primaryimage"},"thumbnailUrl":"https:\/\/www.qps.ca\/wp-content\/uploads\/2019\/05\/QPS_Label_5_GFL-683x1024.png","datePublished":"2018-11-20T07:16:04+00:00","dateModified":"2020-04-10T05:03:58+00:00","description":"QPS Evaluation Services is a team of highly expert engineers that have hands-on-experience. We offer a field analysis of fuel burning equipment.","breadcrumb":{"@id":"https:\/\/www.qps.ca\/services\/on-site-field-evaluation-of-fuel-burning-appliances-equipment\/#breadcrumb"},"inLanguage":"fr-FR","potentialAction":[{"@type":"ReadAction","target":["https:\/\/www.qps.ca\/services\/on-site-field-evaluation-of-fuel-burning-appliances-equipment\/"]}]},{"@type":"ImageObject","inLanguage":"fr-FR","@id":"https:\/\/www.qps.ca\/services\/on-site-field-evaluation-of-fuel-burning-appliances-equipment\/#primaryimage","url":"https:\/\/www.qps.ca\/wp-content\/uploads\/2019\/05\/QPS_Label_5_GFL-683x1024.png","contentUrl":"https:\/\/www.qps.ca\/wp-content\/uploads\/2019\/05\/QPS_Label_5_GFL-683x1024.png"},{"@type":"BreadcrumbList","@id":"https:\/\/www.qps.ca\/services\/on-site-field-evaluation-of-fuel-burning-appliances-equipment\/#breadcrumb","itemListElement":[{"@type":"ListItem","position":1,"name":"Home","item":"https:\/\/www.qps.ca\/"},{"@type":"ListItem","position":2,"name":"Services","item":"https:\/\/www.qps.ca\/services\/"},{"@type":"ListItem","position":3,"name":"On-Site Field Evaluation of Fuel Burning Appliances &#038; Equipment"}]},{"@type":"WebSite","@id":"https:\/\/www.qps.ca\/#website","url":"https:\/\/www.qps.ca\/","name":"QPS Evaluation Services","description":"","publisher":{"@id":"https:\/\/www.qps.ca\/#organization"},"potentialAction":[{"@type":"SearchAction","target":{"@type":"EntryPoint","urlTemplate":"https:\/\/www.qps.ca\/?s={search_term_string}"},"query-input":{"@type":"PropertyValueSpecification","valueRequired":true,"valueName":"search_term_string"}}],"inLanguage":"fr-FR"},{"@type":"Organization","@id":"https:\/\/www.qps.ca\/#organization","name":"QPS Evaluation Services Inc.","url":"https:\/\/www.qps.ca\/","logo":{"@type":"ImageObject","inLanguage":"fr-FR","@id":"https:\/\/www.qps.ca\/#\/schema\/logo\/image\/","url":"https:\/\/www.qps.ca\/wp-content\/uploads\/2019\/07\/QPS_ColorLogo.png","contentUrl":"https:\/\/www.qps.ca\/wp-content\/uploads\/2019\/07\/QPS_ColorLogo.png","width":177,"height":105,"caption":"QPS Evaluation Services Inc."},"image":{"@id":"https:\/\/www.qps.ca\/#\/schema\/logo\/image\/"}}]}},"_links":{"self":[{"href":"https:\/\/www.qps.ca\/fr\/wp-json\/wp\/v2\/pages\/164","targetHints":{"allow":["GET"]}}],"collection":[{"href":"https:\/\/www.qps.ca\/fr\/wp-json\/wp\/v2\/pages"}],"about":[{"href":"https:\/\/www.qps.ca\/fr\/wp-json\/wp\/v2\/types\/page"}],"author":[{"embeddable":true,"href":"https:\/\/www.qps.ca\/fr\/wp-json\/wp\/v2\/users\/19"}],"replies":[{"embeddable":true,"href":"https:\/\/www.qps.ca\/fr\/wp-json\/wp\/v2\/comments?post=164"}],"version-history":[{"count":5,"href":"https:\/\/www.qps.ca\/fr\/wp-json\/wp\/v2\/pages\/164\/revisions"}],"predecessor-version":[{"id":1067,"href":"https:\/\/www.qps.ca\/fr\/wp-json\/wp\/v2\/pages\/164\/revisions\/1067"}],"up":[{"embeddable":true,"href":"https:\/\/www.qps.ca\/fr\/wp-json\/wp\/v2\/pages\/33"}],"wp:attachment":[{"href":"https:\/\/www.qps.ca\/fr\/wp-json\/wp\/v2\/media?parent=164"}],"curies":[{"name":"wp","href":"https:\/\/api.w.org\/{rel}","templated":true}]}}