{"id":162,"date":"2018-11-20T07:15:15","date_gmt":"2018-11-20T07:15:15","guid":{"rendered":"http:\/\/qps.ca\/?page_id=162"},"modified":"2020-08-13T13:23:05","modified_gmt":"2020-08-13T13:23:05","slug":"on-site-field-certification","status":"publish","type":"page","link":"https:\/\/www.qps.ca\/fr\/services\/on-site-field-certification\/","title":{"rendered":"Certification sur place"},"content":{"rendered":"<div class=\"wpb-content-wrapper\"><p>[vc_row el_class=\u00a0\u00bbfsize16 row-spacing\u00a0\u00bb][vc_column][vc_row_inner][vc_column_inner el_class=\u00a0\u00bbgo-right\u00a0\u00bb width=\u00a0\u00bb1\/2&Prime;][vc_single_image image=\u00a0\u00bb742&Prime; img_size=\u00a0\u00bbfull\u00a0\u00bb alignment=\u00a0\u00bbcenter\u00a0\u00bb][\/vc_column_inner][vc_column_inner width=\u00a0\u00bb1\/2&Prime;][vc_column_text]<\/p>\n<h2 class=\"leftalign\"><strong>Vue d&rsquo;ensemble<\/strong><\/h2>\n<p>QPS travaillera en partenariat avec vous pour s&rsquo;assurer que vous mettez votre produit sur le march\u00e9 de la mani\u00e8re la plus opportune et la plus rentable possible.<\/p>\n<p>Certification sur place (CP) &#8211; aussi appel\u00e9e v\u00e9rification unitaire &#8211; est une forme de certification reconnue \u00e0 l&rsquo;\u00e9chelle internationale dans le cadre du syst\u00e8me d&rsquo;\u00e9valuation de la conformit\u00e9 de l&rsquo;ISO et est accept\u00e9e par les organismes d&rsquo;accr\u00e9ditation. Le service comporte ce qui suit :<\/p>\n<ul class=\"common-check\">\n<li>Les essais sont habituellement effectu\u00e9s sur place.<\/li>\n<li>Le produit est mis \u00e0 l&rsquo;essai et \u00e9valu\u00e9 selon les exigences pertinentes de la norme.<\/li>\n<li>Si le produit est conforme, il est \u00e9tiquet\u00e9 sur place par le repr\u00e9sentant de QPS, en utilisant l&rsquo;\u00e9tiquette de certification s\u00e9rialis\u00e9e QPS ci-dessous.<\/li>\n<li>Il n&rsquo;y a pas d&rsquo; \u00ab inspection initiale en usine \u00bb et de \u00ab surveillance de suivi en usine \u00bb.<\/li>\n<\/ul>\n<p>Pour les produits utilis\u00e9s dans les endroits ordinaires et les endroits dangereux<\/p>\n<p><img loading=\"lazy\" decoding=\"async\" class=\"alignnone size-medium wp-image-905\" src=\"https:\/\/www.qps.ca\/wp-content\/uploads\/2019\/05\/QPS_Label_14_QCA_White-01-e1560168243860-300x151.png\" alt=\"\" width=\"300\" height=\"151\" \/>[\/vc_column_text][\/vc_column_inner][\/vc_row_inner][vc_row_inner css=\u00a0\u00bb.vc_custom_1542696749752{margin-top: 40px !important;}\u00a0\u00bb][vc_column_inner][vc_column_text]<\/p>\n<h4>Quand devriez-vous choisir la certification sur place?<\/h4>\n<p>Choisissez la certification sur place si le produit n&rsquo;est pas autoris\u00e9 \u00e0 \u00eatre approuv\u00e9 dans le cadre de l&rsquo;\u00e9valuation sur place (tel qu&rsquo;un appareillage destin\u00e9 \u00e0 \u00eatre utilis\u00e9 dans des atmosph\u00e8res explosives) et qu&rsquo;une ou plusieurs des situations suivantes s&rsquo;appliquent :<\/p>\n<ul class=\"common-check\">\n<li>L&rsquo;appareillage n&rsquo;est pas approuv\u00e9, mais est d\u00e9j\u00e0 exp\u00e9di\u00e9 ou install\u00e9.<\/li>\n<li>L&rsquo;appareillage est import\u00e9 mais ne porte pas d&rsquo;\u00e9tiquette d&rsquo;approbation.<\/li>\n<li>L&rsquo;appareillage est d&rsquo;une telle taille qui rend impossible de le mettre \u00e0 l&rsquo;essai en laboratoire.<\/li>\n<li>\u00ab\u00a0L&rsquo;appareillage est vendu en quantit\u00e9 limit\u00e9e et la certification compl\u00e8te n&rsquo;est pas pratique, mais tous les composants sont certifi\u00e9s et adapt\u00e9s \u00e0 l&rsquo;application.\u00a0\u00bb<\/li>\n<\/ul>\n<p>[\/vc_column_text][\/vc_column_inner][\/vc_row_inner][\/vc_column][\/vc_row]<\/p>\n<\/div>","protected":false},"excerpt":{"rendered":"<p>[vc_row el_class=\u00a0\u00bbfsize16 row-spacing\u00a0\u00bb][vc_column][vc_row_inner][vc_column_inner el_class=\u00a0\u00bbgo-right\u00a0\u00bb width=\u00a0\u00bb1\/2&Prime;][vc_single_image image=\u00a0\u00bb742&Prime; img_size=\u00a0\u00bbfull\u00a0\u00bb alignment=\u00a0\u00bbcenter\u00a0\u00bb][\/vc_column_inner][vc_column_inner width=\u00a0\u00bb1\/2&Prime;][vc_column_text] Vue d&rsquo;ensemble QPS travaillera en partenariat avec vous pour s&rsquo;assurer que vous mettez votre produit sur le march\u00e9 de la mani\u00e8re la plus opportune et la plus rentable possible. Certification sur place (CP) &#8211; aussi appel\u00e9e v\u00e9rification unitaire &#8211; est une forme de certification reconnue \u00e0 &hellip; <\/p>\n<p class=\"link-more\"><a href=\"https:\/\/www.qps.ca\/fr\/services\/on-site-field-certification\/\" class=\"more-link\">Continue reading<span class=\"screen-reader-text\"> \u00ab\u00a0Certification sur place\u00a0\u00bb<\/span><\/a><\/p>\n","protected":false},"author":19,"featured_media":0,"parent":33,"menu_order":0,"comment_status":"closed","ping_status":"closed","template":"full-wdith.php","meta":{"footnotes":""},"class_list":["post-162","page","type-page","status-publish","hentry"],"yoast_head":"<!-- This site is optimized with the Yoast SEO plugin v25.3.1 - https:\/\/yoast.com\/wordpress\/plugins\/seo\/ -->\n<title>Certification sur place - Applus+ QPS<\/title>\n<meta name=\"description\" content=\"Field-Certification (FC) is an internationally acclaimed certification under the ISO conformity assessment system. We work with you to get your product on the market.\" \/>\n<meta name=\"robots\" content=\"index, follow, max-snippet:-1, max-image-preview:large, max-video-preview:-1\" \/>\n<link rel=\"canonical\" href=\"https:\/\/www.qps.ca\/services\/on-site-field-certification\/\" \/>\n<meta property=\"og:locale\" content=\"fr_FR\" \/>\n<meta property=\"og:type\" content=\"article\" \/>\n<meta property=\"og:title\" content=\"[:en]On-Site Field Certification[:fr]Certification sur place[:] - Applus+ QPS\" \/>\n<meta property=\"og:description\" content=\"Field-Certification (FC) is an internationally acclaimed certification under the ISO conformity assessment system. We work with you to get your product on the market.\" \/>\n<meta property=\"og:url\" content=\"https:\/\/www.qps.ca\/services\/on-site-field-certification\/\" \/>\n<meta property=\"og:site_name\" content=\"Applus+ QPS\" \/>\n<meta property=\"article:modified_time\" content=\"2020-08-13T13:23:05+00:00\" \/>\n<meta property=\"og:image\" content=\"https:\/\/www.qps.ca\/wp-content\/uploads\/2019\/05\/QPS_Label_14_QCA_White-01-e1560168243860-300x151.png\" \/>\n<meta name=\"twitter:card\" content=\"summary_large_image\" \/>\n<meta name=\"twitter:label1\" content=\"Dur\u00e9e de lecture estim\u00e9e\" \/>\n\t<meta name=\"twitter:data1\" content=\"3 minutes\" \/>\n<script type=\"application\/ld+json\" class=\"yoast-schema-graph\">{\"@context\":\"https:\/\/schema.org\",\"@graph\":[{\"@type\":\"WebPage\",\"@id\":\"https:\/\/www.qps.ca\/services\/on-site-field-certification\/\",\"url\":\"https:\/\/www.qps.ca\/services\/on-site-field-certification\/\",\"name\":\"[:en]On-Site Field Certification[:fr]Certification sur place[:] - Applus+ QPS\",\"isPartOf\":{\"@id\":\"https:\/\/www.qps.ca\/#website\"},\"primaryImageOfPage\":{\"@id\":\"https:\/\/www.qps.ca\/services\/on-site-field-certification\/#primaryimage\"},\"image\":{\"@id\":\"https:\/\/www.qps.ca\/services\/on-site-field-certification\/#primaryimage\"},\"thumbnailUrl\":\"https:\/\/www.qps.ca\/wp-content\/uploads\/2019\/05\/QPS_Label_14_QCA_White-01-e1560168243860-300x151.png\",\"datePublished\":\"2018-11-20T07:15:15+00:00\",\"dateModified\":\"2020-08-13T13:23:05+00:00\",\"description\":\"Field-Certification (FC) is an internationally acclaimed certification under the ISO conformity assessment system. We work with you to get your product on the market.\",\"breadcrumb\":{\"@id\":\"https:\/\/www.qps.ca\/services\/on-site-field-certification\/#breadcrumb\"},\"inLanguage\":\"fr-FR\",\"potentialAction\":[{\"@type\":\"ReadAction\",\"target\":[\"https:\/\/www.qps.ca\/services\/on-site-field-certification\/\"]}]},{\"@type\":\"ImageObject\",\"inLanguage\":\"fr-FR\",\"@id\":\"https:\/\/www.qps.ca\/services\/on-site-field-certification\/#primaryimage\",\"url\":\"https:\/\/www.qps.ca\/wp-content\/uploads\/2019\/05\/QPS_Label_14_QCA_White-01-e1560168243860-300x151.png\",\"contentUrl\":\"https:\/\/www.qps.ca\/wp-content\/uploads\/2019\/05\/QPS_Label_14_QCA_White-01-e1560168243860-300x151.png\"},{\"@type\":\"BreadcrumbList\",\"@id\":\"https:\/\/www.qps.ca\/services\/on-site-field-certification\/#breadcrumb\",\"itemListElement\":[{\"@type\":\"ListItem\",\"position\":1,\"name\":\"Home\",\"item\":\"https:\/\/www.qps.ca\/\"},{\"@type\":\"ListItem\",\"position\":2,\"name\":\"Services\",\"item\":\"https:\/\/www.qps.ca\/services\/\"},{\"@type\":\"ListItem\",\"position\":3,\"name\":\"On-Site Field Certification\"}]},{\"@type\":\"WebSite\",\"@id\":\"https:\/\/www.qps.ca\/#website\",\"url\":\"https:\/\/www.qps.ca\/\",\"name\":\"QPS Evaluation Services\",\"description\":\"\",\"publisher\":{\"@id\":\"https:\/\/www.qps.ca\/#organization\"},\"potentialAction\":[{\"@type\":\"SearchAction\",\"target\":{\"@type\":\"EntryPoint\",\"urlTemplate\":\"https:\/\/www.qps.ca\/?s={search_term_string}\"},\"query-input\":{\"@type\":\"PropertyValueSpecification\",\"valueRequired\":true,\"valueName\":\"search_term_string\"}}],\"inLanguage\":\"fr-FR\"},{\"@type\":\"Organization\",\"@id\":\"https:\/\/www.qps.ca\/#organization\",\"name\":\"QPS Evaluation Services Inc.\",\"url\":\"https:\/\/www.qps.ca\/\",\"logo\":{\"@type\":\"ImageObject\",\"inLanguage\":\"fr-FR\",\"@id\":\"https:\/\/www.qps.ca\/#\/schema\/logo\/image\/\",\"url\":\"https:\/\/www.qps.ca\/wp-content\/uploads\/2019\/07\/QPS_ColorLogo.png\",\"contentUrl\":\"https:\/\/www.qps.ca\/wp-content\/uploads\/2019\/07\/QPS_ColorLogo.png\",\"width\":177,\"height\":105,\"caption\":\"QPS Evaluation Services Inc.\"},\"image\":{\"@id\":\"https:\/\/www.qps.ca\/#\/schema\/logo\/image\/\"}}]}<\/script>\n<!-- \/ Yoast SEO plugin. -->","yoast_head_json":{"title":"[:en]On-Site Field Certification[:fr]Certification sur place[:] - Applus+ QPS","description":"Field-Certification (FC) is an internationally acclaimed certification under the ISO conformity assessment system. We work with you to get your product on the market.","robots":{"index":"index","follow":"follow","max-snippet":"max-snippet:-1","max-image-preview":"max-image-preview:large","max-video-preview":"max-video-preview:-1"},"canonical":"https:\/\/www.qps.ca\/services\/on-site-field-certification\/","og_locale":"fr_FR","og_type":"article","og_title":"[:en]On-Site Field Certification[:fr]Certification sur place[:] - Applus+ QPS","og_description":"Field-Certification (FC) is an internationally acclaimed certification under the ISO conformity assessment system. We work with you to get your product on the market.","og_url":"https:\/\/www.qps.ca\/services\/on-site-field-certification\/","og_site_name":"Applus+ QPS","article_modified_time":"2020-08-13T13:23:05+00:00","og_image":[{"url":"https:\/\/www.qps.ca\/wp-content\/uploads\/2019\/05\/QPS_Label_14_QCA_White-01-e1560168243860-300x151.png","type":"","width":"","height":""}],"twitter_card":"summary_large_image","twitter_misc":{"Dur\u00e9e de lecture estim\u00e9e":"3 minutes"},"schema":{"@context":"https:\/\/schema.org","@graph":[{"@type":"WebPage","@id":"https:\/\/www.qps.ca\/services\/on-site-field-certification\/","url":"https:\/\/www.qps.ca\/services\/on-site-field-certification\/","name":"[:en]On-Site Field Certification[:fr]Certification sur place[:] - Applus+ QPS","isPartOf":{"@id":"https:\/\/www.qps.ca\/#website"},"primaryImageOfPage":{"@id":"https:\/\/www.qps.ca\/services\/on-site-field-certification\/#primaryimage"},"image":{"@id":"https:\/\/www.qps.ca\/services\/on-site-field-certification\/#primaryimage"},"thumbnailUrl":"https:\/\/www.qps.ca\/wp-content\/uploads\/2019\/05\/QPS_Label_14_QCA_White-01-e1560168243860-300x151.png","datePublished":"2018-11-20T07:15:15+00:00","dateModified":"2020-08-13T13:23:05+00:00","description":"Field-Certification (FC) is an internationally acclaimed certification under the ISO conformity assessment system. We work with you to get your product on the market.","breadcrumb":{"@id":"https:\/\/www.qps.ca\/services\/on-site-field-certification\/#breadcrumb"},"inLanguage":"fr-FR","potentialAction":[{"@type":"ReadAction","target":["https:\/\/www.qps.ca\/services\/on-site-field-certification\/"]}]},{"@type":"ImageObject","inLanguage":"fr-FR","@id":"https:\/\/www.qps.ca\/services\/on-site-field-certification\/#primaryimage","url":"https:\/\/www.qps.ca\/wp-content\/uploads\/2019\/05\/QPS_Label_14_QCA_White-01-e1560168243860-300x151.png","contentUrl":"https:\/\/www.qps.ca\/wp-content\/uploads\/2019\/05\/QPS_Label_14_QCA_White-01-e1560168243860-300x151.png"},{"@type":"BreadcrumbList","@id":"https:\/\/www.qps.ca\/services\/on-site-field-certification\/#breadcrumb","itemListElement":[{"@type":"ListItem","position":1,"name":"Home","item":"https:\/\/www.qps.ca\/"},{"@type":"ListItem","position":2,"name":"Services","item":"https:\/\/www.qps.ca\/services\/"},{"@type":"ListItem","position":3,"name":"On-Site Field Certification"}]},{"@type":"WebSite","@id":"https:\/\/www.qps.ca\/#website","url":"https:\/\/www.qps.ca\/","name":"QPS Evaluation Services","description":"","publisher":{"@id":"https:\/\/www.qps.ca\/#organization"},"potentialAction":[{"@type":"SearchAction","target":{"@type":"EntryPoint","urlTemplate":"https:\/\/www.qps.ca\/?s={search_term_string}"},"query-input":{"@type":"PropertyValueSpecification","valueRequired":true,"valueName":"search_term_string"}}],"inLanguage":"fr-FR"},{"@type":"Organization","@id":"https:\/\/www.qps.ca\/#organization","name":"QPS Evaluation Services Inc.","url":"https:\/\/www.qps.ca\/","logo":{"@type":"ImageObject","inLanguage":"fr-FR","@id":"https:\/\/www.qps.ca\/#\/schema\/logo\/image\/","url":"https:\/\/www.qps.ca\/wp-content\/uploads\/2019\/07\/QPS_ColorLogo.png","contentUrl":"https:\/\/www.qps.ca\/wp-content\/uploads\/2019\/07\/QPS_ColorLogo.png","width":177,"height":105,"caption":"QPS Evaluation Services Inc."},"image":{"@id":"https:\/\/www.qps.ca\/#\/schema\/logo\/image\/"}}]}},"_links":{"self":[{"href":"https:\/\/www.qps.ca\/fr\/wp-json\/wp\/v2\/pages\/162","targetHints":{"allow":["GET"]}}],"collection":[{"href":"https:\/\/www.qps.ca\/fr\/wp-json\/wp\/v2\/pages"}],"about":[{"href":"https:\/\/www.qps.ca\/fr\/wp-json\/wp\/v2\/types\/page"}],"author":[{"embeddable":true,"href":"https:\/\/www.qps.ca\/fr\/wp-json\/wp\/v2\/users\/19"}],"replies":[{"embeddable":true,"href":"https:\/\/www.qps.ca\/fr\/wp-json\/wp\/v2\/comments?post=162"}],"version-history":[{"count":5,"href":"https:\/\/www.qps.ca\/fr\/wp-json\/wp\/v2\/pages\/162\/revisions"}],"predecessor-version":[{"id":1179,"href":"https:\/\/www.qps.ca\/fr\/wp-json\/wp\/v2\/pages\/162\/revisions\/1179"}],"up":[{"embeddable":true,"href":"https:\/\/www.qps.ca\/fr\/wp-json\/wp\/v2\/pages\/33"}],"wp:attachment":[{"href":"https:\/\/www.qps.ca\/fr\/wp-json\/wp\/v2\/media?parent=162"}],"curies":[{"name":"wp","href":"https:\/\/api.w.org\/{rel}","templated":true}]}}