{"id":160,"date":"2018-11-20T07:14:10","date_gmt":"2018-11-20T07:14:10","guid":{"rendered":"http:\/\/qps.ca\/?page_id=160"},"modified":"2020-04-10T04:56:24","modified_gmt":"2020-04-10T04:56:24","slug":"on-site-field-evaluation-of-electrical-equipment","status":"publish","type":"page","link":"https:\/\/www.qps.ca\/fr\/services\/on-site-field-evaluation-of-electrical-equipment\/","title":{"rendered":"\u00c9valuation sur place d&rsquo;appareils \u00e9lectriques"},"content":{"rendered":"<div class=\"wpb-content-wrapper\"><p>[vc_row el_class=\u00a0\u00bbfsize16 row-spacing\u00a0\u00bb][vc_column][vc_row_inner][vc_column_inner][vc_column_text]<\/p>\n<h2 class=\"leftalign\"><strong>Vue d&rsquo;ensemble<\/strong><\/h2>\n<p><img loading=\"lazy\" decoding=\"async\" class=\"alignright wp-image-749\" src=\"https:\/\/www.qps.ca\/wp-content\/uploads\/2019\/05\/QPS-Websites-e1557938553910.jpg\" alt=\"field evaluation specialists doing their work\" width=\"600\" height=\"450\" \/>Les r\u00e8glements de s\u00e9curit\u00e9 en Am\u00e9rique du Nord rendent obligatoire l&rsquo;approbation des produits \u00e9lectriques et \u00e9lectroniques. La certification est la forme d&rsquo;approbation la plus courante, cependant, dans de nombreuses situations, l&rsquo;\u00e9valuation sur place peut \u00eatre la seule forme pratique d&rsquo;approbation.<\/p>\n<p>L&rsquo;\u00e9valuation sur place est un processus par lequel des produits non approuv\u00e9s peuvent \u00eatre \u00e9valu\u00e9s sur place selon les exigences qui sont acceptables pour l&rsquo;autorit\u00e9 comp\u00e9tente locale. Selon les r\u00e8gles de l&rsquo;autorit\u00e9 locale, le site d&rsquo;inspection peut varier et peut \u00eatre le lieu d&rsquo;installation, de fabrication, de distribution, d&rsquo;entreposage ou de tout autre endroit accept\u00e9 par l&rsquo;autorit\u00e9 comp\u00e9tente locale.<\/p>\n<p>QPS est reconnu dans l&rsquo;industrie comme le chef de file en \u00e9valuation sur place. Valoris\u00e9e et respect\u00e9e, la r\u00e9putation du QPS dans ce domaine remonte \u00e0 loin et repose sur deux facteurs : la majorit\u00e9 de nos inspecteurs ont plus d&rsquo;un quart de si\u00e8cle d&rsquo;exp\u00e9rience en \u00e9valuation sur place et, contrairement \u00e0 d&rsquo;autres fournisseurs de ce service, tous nos inspecteurs se sp\u00e9cialisent et sont totalement d\u00e9di\u00e9s au travail d&rsquo;\u00e9valuation sur place.<\/p>\n<p>Nous offrons des services localement par l&rsquo;entremise de nos centres de services situ\u00e9s partout au Canada et aux \u00c9tats-Unis, et \u00e0 l&rsquo;\u00e9chelle mondiale, par l&rsquo;entremise de notre propre personnel situ\u00e9 \u00e0 l&rsquo;\u00e9tranger.<\/p>\n<p>Nous sommes connus pour \u00eatre favorables aux entreprises et tr\u00e8s r\u00e9actifs et nous travaillons avec vous pour respecter vos d\u00e9lais. Si n\u00e9cessaire, nous serons sur place le jour ouvrable suivant.[\/vc_column_text][\/vc_column_inner][\/vc_row_inner][\/vc_column][\/vc_row][vc_row el_class=\u00a0\u00bbrow-spacing-down\u00a0\u00bb][vc_column][vc_column_text el_class=\u00a0\u00bbfsize16&Prime;]<\/p>\n<h3>\u00c9valuation sur place pour le Canada<\/h3>\n<p>Les r\u00e8glements canadiens sur la s\u00e9curit\u00e9 stipulent que l&rsquo;\u00e9valuation sur place doit \u00eatre effectu\u00e9e selon les exigences du Code mod\u00e8le SPE-1000 par un organisme d&rsquo;inspection (OI)\/Organisme d&rsquo;\u00e9valuation sur place (OEP) accr\u00e9dit\u00e9 par le Conseil canadien des normes (CCN) et reconnu par l&rsquo;autorit\u00e9 comp\u00e9tente.<\/p>\n<p>Les exigences du SPE-1000 ont \u00e9t\u00e9 \u00e9labor\u00e9es par un comit\u00e9 technique sp\u00e9cial mis sur pied par le Conseil consultatif canadien sur la s\u00e9curit\u00e9 \u00e9lectrique (CCCSE). Il convient de noter que le QPS pr\u00e9side ce comit\u00e9 et a apport\u00e9 une expertise technique consid\u00e9rable \u00e0 l&rsquo;\u00e9laboration des exigences.<\/p>\n<p>En plus de <a href=\"https:\/\/www.qps.ca\/services\/on-site-field-evaluation-of-electrical-equipment\/\"> l&rsquo;\u00e9valuation sur place d&rsquo;appareils \u00e9lectriques m\u00e9dicaux et de l&rsquo;\u00e9valuation sur place d\u2019appareils et d\u2019\u00e9quipement de combustion, nous offrons deux types de services d&rsquo;\u00e9valuation sur place de produits \u00e9lectriques tels que d\u00e9crits ci-dessous :<\/a><\/p>\n<h4>\u00c9valuation sur place d&rsquo;appareillage complet :<\/h4>\n<p>L&rsquo;appareillage est \u00e9valu\u00e9 selon les exigences du Code mod\u00e8le SPE-1000 et des articles applicables du Code canadien de l&rsquo;\u00e9lectricit\u00e9, premi\u00e8re partie. Les produits conformes sont \u00e9tiquet\u00e9s \u00e0 l&rsquo;aide de l&rsquo;\u00e9tiquette QPS de la s\u00e9rie \u00ab QE \u00bb ci-dessous :<\/p>\n<p><img loading=\"lazy\" decoding=\"async\" class=\"wp-image-945 size-medium aligncenter\" src=\"https:\/\/www.qps.ca\/wp-content\/uploads\/2019\/05\/QPS_Label_1_QE_Field_Eval-2-300x150.png\" alt=\"\" width=\"300\" height=\"150\" \/><\/p>\n<h4>\u00c9valuation sur place des panneaux de commande :<\/h4>\n<p>Les panneaux de commande sont \u00e9valu\u00e9s selon les exigences du Code mod\u00e8le SPE-1000 et des articles applicables du Code canadien de l&rsquo;\u00e9lectricit\u00e9, premi\u00e8re partie. Les produits conformes sont \u00e9tiquet\u00e9s \u00e0 l&rsquo;aide de l&rsquo;\u00e9tiquette QPS de la s\u00e9rie \u00ab QFP \u00bb ci-dessous :<\/p>\n<p><img loading=\"lazy\" decoding=\"async\" class=\"size-medium wp-image-947 aligncenter\" src=\"https:\/\/www.qps.ca\/wp-content\/uploads\/2019\/05\/QPS_Label_12_QFP_rev-1-300x150.png\" alt=\"\" width=\"300\" height=\"150\" \/><\/p>\n<p>&nbsp;<\/p>\n<h3>\u00c9valuation sur place pour les \u00c9tats-Unis<\/h3>\n<p>Aux \u00c9tats-Unis, les laboratoires d&rsquo;essais reconnus par l&rsquo;autorit\u00e9 comp\u00e9tente locale sont qualifi\u00e9s pour offrir des services d&rsquo;\u00e9valuation sur place. En plus d&rsquo;\u00eatre un Laboratoire d&rsquo;essais reconnu \u00e0 l&rsquo;\u00e9chelle nationale (NRTL), QPS est reconnu dans plusieurs \u00e9tats et juridictions locales et est \u00e9galement accr\u00e9dit\u00e9 par l&rsquo;IAS (International Accreditation Service) sp\u00e9cifiquement comme un organisme d&rsquo;\u00e9valuation sur place (FEB).<\/p>\n<p>Les exigences utilis\u00e9es pour \u00e9valuer les produits destin\u00e9s au march\u00e9 am\u00e9ricain sont les suivantes :<\/p>\n<ul class=\"common-check\">\n<li>NFPA 790 (Standard for Competency of Third-Party Field Evaluation Bodies)<\/li>\n<li>NFPA 791 (Recommended Practice and Procedures for Unlabeled Electrical Equipment Evaluation)<\/li>\n<li>Les parties applicables du Code national de l&rsquo;\u00e9lectricit\u00e9 (NEC) et autres exigences sp\u00e9cifi\u00e9es par l&rsquo;autorit\u00e9 comp\u00e9tente.<\/li>\n<\/ul>\n<p>Les produits conformes sont \u00e9tiquet\u00e9s \u00e0 l&rsquo;aide de l&rsquo;\u00e9tiquette QPS \u00ab QFU \u00bb ci-dessous :<\/p>\n<p><img loading=\"lazy\" decoding=\"async\" class=\"wp-image-946 size-medium aligncenter\" src=\"https:\/\/www.qps.ca\/wp-content\/uploads\/2019\/05\/QPS_Label_17_QFU_Field_Eval-300x150.png\" alt=\"\" width=\"300\" height=\"150\" \/>[\/vc_column_text][\/vc_column][\/vc_row]<\/p>\n<\/div>","protected":false},"excerpt":{"rendered":"<p>[vc_row el_class=\u00a0\u00bbfsize16 row-spacing\u00a0\u00bb][vc_column][vc_row_inner][vc_column_inner][vc_column_text] Vue d&rsquo;ensemble Les r\u00e8glements de s\u00e9curit\u00e9 en Am\u00e9rique du Nord rendent obligatoire l&rsquo;approbation des produits \u00e9lectriques et \u00e9lectroniques. La certification est la forme d&rsquo;approbation la plus courante, cependant, dans de nombreuses situations, l&rsquo;\u00e9valuation sur place peut \u00eatre la seule forme pratique d&rsquo;approbation. L&rsquo;\u00e9valuation sur place est un processus par lequel des produits &hellip; <\/p>\n<p class=\"link-more\"><a href=\"https:\/\/www.qps.ca\/fr\/services\/on-site-field-evaluation-of-electrical-equipment\/\" class=\"more-link\">Continue reading<span class=\"screen-reader-text\"> \u00ab\u00a0\u00c9valuation sur place d&rsquo;appareils \u00e9lectriques\u00a0\u00bb<\/span><\/a><\/p>\n","protected":false},"author":19,"featured_media":0,"parent":33,"menu_order":0,"comment_status":"closed","ping_status":"closed","template":"full-wdith.php","meta":{"footnotes":""},"class_list":["post-160","page","type-page","status-publish","hentry"],"yoast_head":"<!-- This site is optimized with the Yoast SEO plugin v25.3.1 - https:\/\/yoast.com\/wordpress\/plugins\/seo\/ -->\n<title>Field Evaluation: North America - Applus+ QPS<\/title>\n<meta name=\"description\" content=\"Our Field Evaluation service, with locations throughout Canada and the USA, provides you with fast and cost effective on-site evaluation of your products.\" \/>\n<meta name=\"robots\" content=\"index, follow, max-snippet:-1, max-image-preview:large, max-video-preview:-1\" \/>\n<link rel=\"canonical\" href=\"https:\/\/www.qps.ca\/fr\/services\/on-site-field-evaluation-of-electrical-equipment\/\" \/>\n<meta property=\"og:locale\" content=\"fr_FR\" \/>\n<meta property=\"og:type\" content=\"article\" \/>\n<meta property=\"og:title\" content=\"Field Evaluation: North America - Applus+ QPS\" \/>\n<meta property=\"og:description\" content=\"Our Field Evaluation service, with locations throughout Canada and the USA, provides you with fast and cost effective on-site evaluation of your products.\" \/>\n<meta property=\"og:url\" content=\"https:\/\/www.qps.ca\/fr\/services\/on-site-field-evaluation-of-electrical-equipment\/\" \/>\n<meta property=\"og:site_name\" content=\"Applus+ QPS\" \/>\n<meta property=\"article:modified_time\" content=\"2020-04-10T04:56:24+00:00\" \/>\n<meta property=\"og:image\" content=\"https:\/\/www.qps.ca\/wp-content\/uploads\/2019\/05\/QPS-Websites-e1557938553910.jpg\" \/>\n<meta name=\"twitter:card\" content=\"summary_large_image\" \/>\n<meta name=\"twitter:label1\" content=\"Dur\u00e9e de lecture estim\u00e9e\" \/>\n\t<meta name=\"twitter:data1\" content=\"6 minutes\" \/>\n<script type=\"application\/ld+json\" class=\"yoast-schema-graph\">{\"@context\":\"https:\/\/schema.org\",\"@graph\":[{\"@type\":\"WebPage\",\"@id\":\"https:\/\/www.qps.ca\/fr\/services\/on-site-field-evaluation-of-electrical-equipment\/\",\"url\":\"https:\/\/www.qps.ca\/fr\/services\/on-site-field-evaluation-of-electrical-equipment\/\",\"name\":\"Field Evaluation: North America - Applus+ QPS\",\"isPartOf\":{\"@id\":\"https:\/\/www.qps.ca\/#website\"},\"primaryImageOfPage\":{\"@id\":\"https:\/\/www.qps.ca\/fr\/services\/on-site-field-evaluation-of-electrical-equipment\/#primaryimage\"},\"image\":{\"@id\":\"https:\/\/www.qps.ca\/fr\/services\/on-site-field-evaluation-of-electrical-equipment\/#primaryimage\"},\"thumbnailUrl\":\"https:\/\/www.qps.ca\/wp-content\/uploads\/2019\/05\/QPS-Websites-e1557938553910.jpg\",\"datePublished\":\"2018-11-20T07:14:10+00:00\",\"dateModified\":\"2020-04-10T04:56:24+00:00\",\"description\":\"Our Field Evaluation service, with locations throughout Canada and the USA, provides you with fast and cost effective on-site evaluation of your products.\",\"breadcrumb\":{\"@id\":\"https:\/\/www.qps.ca\/fr\/services\/on-site-field-evaluation-of-electrical-equipment\/#breadcrumb\"},\"inLanguage\":\"fr-FR\",\"potentialAction\":[{\"@type\":\"ReadAction\",\"target\":[\"https:\/\/www.qps.ca\/fr\/services\/on-site-field-evaluation-of-electrical-equipment\/\"]}]},{\"@type\":\"ImageObject\",\"inLanguage\":\"fr-FR\",\"@id\":\"https:\/\/www.qps.ca\/fr\/services\/on-site-field-evaluation-of-electrical-equipment\/#primaryimage\",\"url\":\"https:\/\/www.qps.ca\/wp-content\/uploads\/2019\/05\/QPS-Websites-e1557938553910.jpg\",\"contentUrl\":\"https:\/\/www.qps.ca\/wp-content\/uploads\/2019\/05\/QPS-Websites-e1557938553910.jpg\"},{\"@type\":\"BreadcrumbList\",\"@id\":\"https:\/\/www.qps.ca\/fr\/services\/on-site-field-evaluation-of-electrical-equipment\/#breadcrumb\",\"itemListElement\":[{\"@type\":\"ListItem\",\"position\":1,\"name\":\"Home\",\"item\":\"https:\/\/www.qps.ca\/\"},{\"@type\":\"ListItem\",\"position\":2,\"name\":\"Services\",\"item\":\"https:\/\/www.qps.ca\/services\/\"},{\"@type\":\"ListItem\",\"position\":3,\"name\":\"\u00c9valuation sur place d&rsquo;appareils \u00e9lectriques\"}]},{\"@type\":\"WebSite\",\"@id\":\"https:\/\/www.qps.ca\/#website\",\"url\":\"https:\/\/www.qps.ca\/\",\"name\":\"QPS Evaluation Services\",\"description\":\"\",\"publisher\":{\"@id\":\"https:\/\/www.qps.ca\/#organization\"},\"potentialAction\":[{\"@type\":\"SearchAction\",\"target\":{\"@type\":\"EntryPoint\",\"urlTemplate\":\"https:\/\/www.qps.ca\/?s={search_term_string}\"},\"query-input\":{\"@type\":\"PropertyValueSpecification\",\"valueRequired\":true,\"valueName\":\"search_term_string\"}}],\"inLanguage\":\"fr-FR\"},{\"@type\":\"Organization\",\"@id\":\"https:\/\/www.qps.ca\/#organization\",\"name\":\"QPS Evaluation Services Inc.\",\"url\":\"https:\/\/www.qps.ca\/\",\"logo\":{\"@type\":\"ImageObject\",\"inLanguage\":\"fr-FR\",\"@id\":\"https:\/\/www.qps.ca\/#\/schema\/logo\/image\/\",\"url\":\"https:\/\/www.qps.ca\/wp-content\/uploads\/2019\/07\/QPS_ColorLogo.png\",\"contentUrl\":\"https:\/\/www.qps.ca\/wp-content\/uploads\/2019\/07\/QPS_ColorLogo.png\",\"width\":177,\"height\":105,\"caption\":\"QPS Evaluation Services Inc.\"},\"image\":{\"@id\":\"https:\/\/www.qps.ca\/#\/schema\/logo\/image\/\"}}]}<\/script>\n<!-- \/ Yoast SEO plugin. -->","yoast_head_json":{"title":"Field Evaluation: North America - Applus+ QPS","description":"Our Field Evaluation service, with locations throughout Canada and the USA, provides you with fast and cost effective on-site evaluation of your products.","robots":{"index":"index","follow":"follow","max-snippet":"max-snippet:-1","max-image-preview":"max-image-preview:large","max-video-preview":"max-video-preview:-1"},"canonical":"https:\/\/www.qps.ca\/fr\/services\/on-site-field-evaluation-of-electrical-equipment\/","og_locale":"fr_FR","og_type":"article","og_title":"Field Evaluation: North America - Applus+ QPS","og_description":"Our Field Evaluation service, with locations throughout Canada and the USA, provides you with fast and cost effective on-site evaluation of your products.","og_url":"https:\/\/www.qps.ca\/fr\/services\/on-site-field-evaluation-of-electrical-equipment\/","og_site_name":"Applus+ QPS","article_modified_time":"2020-04-10T04:56:24+00:00","og_image":[{"url":"https:\/\/www.qps.ca\/wp-content\/uploads\/2019\/05\/QPS-Websites-e1557938553910.jpg","type":"","width":"","height":""}],"twitter_card":"summary_large_image","twitter_misc":{"Dur\u00e9e de lecture estim\u00e9e":"6 minutes"},"schema":{"@context":"https:\/\/schema.org","@graph":[{"@type":"WebPage","@id":"https:\/\/www.qps.ca\/fr\/services\/on-site-field-evaluation-of-electrical-equipment\/","url":"https:\/\/www.qps.ca\/fr\/services\/on-site-field-evaluation-of-electrical-equipment\/","name":"Field Evaluation: North America - Applus+ QPS","isPartOf":{"@id":"https:\/\/www.qps.ca\/#website"},"primaryImageOfPage":{"@id":"https:\/\/www.qps.ca\/fr\/services\/on-site-field-evaluation-of-electrical-equipment\/#primaryimage"},"image":{"@id":"https:\/\/www.qps.ca\/fr\/services\/on-site-field-evaluation-of-electrical-equipment\/#primaryimage"},"thumbnailUrl":"https:\/\/www.qps.ca\/wp-content\/uploads\/2019\/05\/QPS-Websites-e1557938553910.jpg","datePublished":"2018-11-20T07:14:10+00:00","dateModified":"2020-04-10T04:56:24+00:00","description":"Our Field Evaluation service, with locations throughout Canada and the USA, provides you with fast and cost effective on-site evaluation of your products.","breadcrumb":{"@id":"https:\/\/www.qps.ca\/fr\/services\/on-site-field-evaluation-of-electrical-equipment\/#breadcrumb"},"inLanguage":"fr-FR","potentialAction":[{"@type":"ReadAction","target":["https:\/\/www.qps.ca\/fr\/services\/on-site-field-evaluation-of-electrical-equipment\/"]}]},{"@type":"ImageObject","inLanguage":"fr-FR","@id":"https:\/\/www.qps.ca\/fr\/services\/on-site-field-evaluation-of-electrical-equipment\/#primaryimage","url":"https:\/\/www.qps.ca\/wp-content\/uploads\/2019\/05\/QPS-Websites-e1557938553910.jpg","contentUrl":"https:\/\/www.qps.ca\/wp-content\/uploads\/2019\/05\/QPS-Websites-e1557938553910.jpg"},{"@type":"BreadcrumbList","@id":"https:\/\/www.qps.ca\/fr\/services\/on-site-field-evaluation-of-electrical-equipment\/#breadcrumb","itemListElement":[{"@type":"ListItem","position":1,"name":"Home","item":"https:\/\/www.qps.ca\/"},{"@type":"ListItem","position":2,"name":"Services","item":"https:\/\/www.qps.ca\/services\/"},{"@type":"ListItem","position":3,"name":"\u00c9valuation sur place d&rsquo;appareils \u00e9lectriques"}]},{"@type":"WebSite","@id":"https:\/\/www.qps.ca\/#website","url":"https:\/\/www.qps.ca\/","name":"QPS Evaluation Services","description":"","publisher":{"@id":"https:\/\/www.qps.ca\/#organization"},"potentialAction":[{"@type":"SearchAction","target":{"@type":"EntryPoint","urlTemplate":"https:\/\/www.qps.ca\/?s={search_term_string}"},"query-input":{"@type":"PropertyValueSpecification","valueRequired":true,"valueName":"search_term_string"}}],"inLanguage":"fr-FR"},{"@type":"Organization","@id":"https:\/\/www.qps.ca\/#organization","name":"QPS Evaluation Services Inc.","url":"https:\/\/www.qps.ca\/","logo":{"@type":"ImageObject","inLanguage":"fr-FR","@id":"https:\/\/www.qps.ca\/#\/schema\/logo\/image\/","url":"https:\/\/www.qps.ca\/wp-content\/uploads\/2019\/07\/QPS_ColorLogo.png","contentUrl":"https:\/\/www.qps.ca\/wp-content\/uploads\/2019\/07\/QPS_ColorLogo.png","width":177,"height":105,"caption":"QPS Evaluation Services Inc."},"image":{"@id":"https:\/\/www.qps.ca\/#\/schema\/logo\/image\/"}}]}},"_links":{"self":[{"href":"https:\/\/www.qps.ca\/fr\/wp-json\/wp\/v2\/pages\/160","targetHints":{"allow":["GET"]}}],"collection":[{"href":"https:\/\/www.qps.ca\/fr\/wp-json\/wp\/v2\/pages"}],"about":[{"href":"https:\/\/www.qps.ca\/fr\/wp-json\/wp\/v2\/types\/page"}],"author":[{"embeddable":true,"href":"https:\/\/www.qps.ca\/fr\/wp-json\/wp\/v2\/users\/19"}],"replies":[{"embeddable":true,"href":"https:\/\/www.qps.ca\/fr\/wp-json\/wp\/v2\/comments?post=160"}],"version-history":[{"count":10,"href":"https:\/\/www.qps.ca\/fr\/wp-json\/wp\/v2\/pages\/160\/revisions"}],"predecessor-version":[{"id":1563,"href":"https:\/\/www.qps.ca\/fr\/wp-json\/wp\/v2\/pages\/160\/revisions\/1563"}],"up":[{"embeddable":true,"href":"https:\/\/www.qps.ca\/fr\/wp-json\/wp\/v2\/pages\/33"}],"wp:attachment":[{"href":"https:\/\/www.qps.ca\/fr\/wp-json\/wp\/v2\/media?parent=160"}],"curies":[{"name":"wp","href":"https:\/\/api.w.org\/{rel}","templated":true}]}}