{"id":1221,"date":"2019-06-17T14:20:40","date_gmt":"2019-06-17T14:20:40","guid":{"rendered":"http:\/\/qps.ca\/?page_id=1221"},"modified":"2024-01-29T20:03:25","modified_gmt":"2024-01-29T20:03:25","slug":"request-for-quote","status":"publish","type":"page","link":"https:\/\/www.qps.ca\/fr\/information-centre\/request-for-quote\/","title":{"rendered":"Demander Un Devis"},"content":{"rendered":"<div class=\"wpb-content-wrapper\"><p>[vc_row el_class=\u00a0\u00bbrow-spacing contact-wrap\u00a0\u00bb][vc_column][vc_column_text]<\/p>\n<h2 style=\"text-align: center;\"><strong>Demander Un Devis<\/strong><\/h2>\n<p>[\/vc_column_text][\/vc_column][\/vc_row][vc_row][vc_column width=\u00a0\u00bb1\/2&Prime;][vc_column_text]<strong>Nous vous remercions de l\u2019int\u00e9r\u00eat que vous portez \u00e0 QPS.<\/strong><\/p>\n<p>Nous nous r\u00e9jouissons d\u2019avoir la possibilit\u00e9 de vous aider \u00e0 combler tous vos besoins en mati\u00e8re d\u2019approbation de produits, que ce soit \u00e0 l\u2019\u00e9chelle locale ou partout sur la plan\u00e8te. Et par souci de clart\u00e9 et de transparence, nous avons \u00e0 c\u0153ur de vous proposer des devis d\u00e9taill\u00e9s.<\/p>\n<p>Pour demander un devis, il suffit de remplir le formulaire de demande de prix\u00a0(DDP) qui s\u2019applique au service qui vous int\u00e9resse, puis de retourner le tout \u00e0 notre service \u00e0 la client\u00e8le, au <a href=\"mailto:customerservice@qps.ca\">customerservice@qps.ca<\/a>.<\/p>\n<p>Pour acc\u00e9l\u00e9rer le processus d\u2019\u00e9tablissement du devis, veuillez \u00e0 joindre \u00e0 votre courriel toute l\u2019information pertinente concernant vos produits.<\/p>\n<p>Au plaisir de vous servir \u00e0 votre enti\u00e8re satisfaction![\/vc_column_text][\/vc_column][vc_column width=\u00a0\u00bb1\/2&Prime;][vc_column_text 0=\u00a0\u00bb\u00a0\u00bb]Veuillez choisir le formulaire correspondant \u00e0 l\u2019un des services suivants\u00a0:<\/p>\n<h6><strong>\u00c9valuation sur place \/ Inspection sp\u00e9ciale<\/strong><\/h6>\n<p><a href=\"https:\/\/www.qps.ca\/wp-content\/uploads\/2021\/01\/QSD-118F-Rev-08-Request-for-FE_SI-French.docx\">Formulaire\u00a0DDP \u2013 \u00c9valuation sur place &#8211; Produits \u00e0 usage g\u00e9n\u00e9ral<\/a><\/p>\n<h6><strong>Emplacements ordinaires (non dangereux) \u2013 Essais en laboratoire<\/strong><\/h6>\n<p><a href=\"https:\/\/www.qps.ca\/wp-content\/uploads\/2021\/01\/QSD-18F-Rev-06-RFQ-Info-Required-French.docx\">Formulaire\u00a0DDP \u2013 Certification, marquage\u00a0CE, m\u00e9thode\u00a0OC &#8211; Appareillage pour emplacements ordinaires<\/a><\/p>\n<h6><strong>Emplacements dangereux \u2013 Essais en laboratoire<\/strong><\/h6>\n<p><a href=\"https:\/\/www.qps.ca\/wp-content\/uploads\/2021\/01\/QSD-18HLF-Rev-07-RFQ-Info-Required-French.docx\">Formulaire DDP \u2013 Certification, essais ATEX, syst\u00e8me IECEx, essais en laboratoire &#8211; <\/a> <a href=\"https:\/\/www.qps.ca\/wp-content\/uploads\/2021\/01\/QSD-18HLF-Rev-07-RFQ-Info-Required-French.docx\">Appareillage pour emplacements dangereux<\/a><\/p>\n<h6><strong>Emplacements dangereux \u2013 Certification sur place<\/strong><\/h6>\n<p><a href=\"https:\/\/www.qps.ca\/wp-content\/uploads\/2024\/01\/QSD-18FCF-Rev-05-RFQ-Info-Rqrd-for-Prod-Submtl-French.docx\">Formulaire\u00a0DDP \u2013 Certification sur place &#8211; Appareillage pour emplacements dangereux<\/a><\/p>\n<h6><strong>\u00c9valuation sur place \u2013 Appareils de combustion<\/strong><\/h6>\n<p><a href=\"https:\/\/www.qps.ca\/wp-content\/uploads\/2021\/01\/QSD-118GFEF-Rev-01-Request-for-FE-of-Fuel-Burning-Equipment-French.docx\">Formulaire\u00a0DDP \u2013 \u00c9valuation sur place d\u2019appareils \u00e0 combustion<\/a><\/p>\n<p>Vous ne savez pas quel formulaire ou quel service s\u2019applique \u00e0 votre situation? Pas de souci! Un des sympathiques pr\u00e9pos\u00e9s de notre service \u00e0 la client\u00e8le sera heureux de vous aider. \u00c9crivez-nous au <a href=\"mailto:customerservice@qps.ca\">customerservice@qps.ca<\/a>. Vous pouvez \u00e9galement nous t\u00e9l\u00e9phoner, au 416-241-8857 ou, sans frais, au 1-877-746-4777. Nous vous aiderons \u00e0 trouver le service qui r\u00e9pondra \u00e0 vos besoins de la fa\u00e7on la plus rentable et efficace possible.[\/vc_column_text][\/vc_column][\/vc_row][vc_row 0=\u00a0\u00bb\u00a0\u00bb css=\u00a0\u00bb.vc_custom_1563867619753{padding-top: 40px !important;padding-bottom: 40px !important;}\u00a0\u00bb][vc_column 0=\u00a0\u00bb\u00a0\u00bb][vc_column_text 0=\u00a0\u00bb\u00a0\u00bb]Not sure which form or service is right for you? Not a problem, let one of our friendly Customer Service Representatives assist you by contacting us at <a href=\"mailto:customerservice@qps.ca\">customerservice@qps.ca<\/a>, 416-241-8857 or Toll Free at 1-877-746-4777. We are dedicated to helping you find the most cost effective service that best suits your needs.[\/vc_column_text][\/vc_column][\/vc_row]<\/p>\n<\/div>","protected":false},"excerpt":{"rendered":"<p>[vc_row el_class=\u00a0\u00bbrow-spacing contact-wrap\u00a0\u00bb][vc_column][vc_column_text] Demander Un Devis [\/vc_column_text][\/vc_column][\/vc_row][vc_row][vc_column width=\u00a0\u00bb1\/2&Prime;][vc_column_text]Nous vous remercions de l\u2019int\u00e9r\u00eat que vous portez \u00e0 QPS. Nous nous r\u00e9jouissons d\u2019avoir la possibilit\u00e9 de vous aider \u00e0 combler tous vos besoins en mati\u00e8re d\u2019approbation de produits, que ce soit \u00e0 l\u2019\u00e9chelle locale ou partout sur la plan\u00e8te. Et par souci de clart\u00e9 et de transparence, &hellip; <\/p>\n<p class=\"link-more\"><a href=\"https:\/\/www.qps.ca\/fr\/information-centre\/request-for-quote\/\" class=\"more-link\">Continue reading<span class=\"screen-reader-text\"> \u00ab\u00a0Demander Un Devis\u00a0\u00bb<\/span><\/a><\/p>\n","protected":false},"author":19,"featured_media":0,"parent":35,"menu_order":0,"comment_status":"closed","ping_status":"closed","template":"full-wdith.php","meta":{"footnotes":""},"class_list":["post-1221","page","type-page","status-publish","hentry"],"yoast_head":"<!-- This site is optimized with the Yoast SEO plugin v25.3.1 - https:\/\/yoast.com\/wordpress\/plugins\/seo\/ -->\n<title>Demander Un Devis - Applus+ QPS<\/title>\n<meta name=\"robots\" content=\"index, follow, max-snippet:-1, max-image-preview:large, max-video-preview:-1\" \/>\n<link rel=\"canonical\" href=\"https:\/\/www.qps.ca\/information-centre\/request-for-quote\/\" \/>\n<meta property=\"og:locale\" content=\"fr_FR\" \/>\n<meta property=\"og:type\" content=\"article\" \/>\n<meta property=\"og:title\" content=\"[:en]Request A Quote[:fr]Demander Un Devis[:] - Applus+ QPS\" \/>\n<meta property=\"og:description\" content=\"[vc_row el_class=\u00a0\u00bbrow-spacing contact-wrap\u00a0\u00bb][vc_column][vc_column_text] Demander Un Devis [\/vc_column_text][\/vc_column][\/vc_row][vc_row][vc_column width=\u00a0\u00bb1\/2&Prime;][vc_column_text]Nous vous remercions de l\u2019int\u00e9r\u00eat que vous portez \u00e0 QPS. Nous nous r\u00e9jouissons d\u2019avoir la possibilit\u00e9 de vous aider \u00e0 combler tous vos besoins en mati\u00e8re d\u2019approbation de produits, que ce soit \u00e0 l\u2019\u00e9chelle locale ou partout sur la plan\u00e8te. Et par souci de clart\u00e9 et de transparence, &hellip; Continue reading &quot;Demander Un Devis&quot;\" \/>\n<meta property=\"og:url\" content=\"https:\/\/www.qps.ca\/information-centre\/request-for-quote\/\" \/>\n<meta property=\"og:site_name\" content=\"Applus+ QPS\" \/>\n<meta property=\"article:modified_time\" content=\"2024-01-29T20:03:25+00:00\" \/>\n<meta name=\"twitter:card\" content=\"summary_large_image\" \/>\n<meta name=\"twitter:label1\" content=\"Dur\u00e9e de lecture estim\u00e9e\" \/>\n\t<meta name=\"twitter:data1\" content=\"1 minute\" \/>\n<script type=\"application\/ld+json\" class=\"yoast-schema-graph\">{\"@context\":\"https:\/\/schema.org\",\"@graph\":[{\"@type\":\"WebPage\",\"@id\":\"https:\/\/www.qps.ca\/information-centre\/request-for-quote\/\",\"url\":\"https:\/\/www.qps.ca\/information-centre\/request-for-quote\/\",\"name\":\"[:en]Request A Quote[:fr]Demander Un Devis[:] - Applus+ QPS\",\"isPartOf\":{\"@id\":\"https:\/\/www.qps.ca\/#website\"},\"datePublished\":\"2019-06-17T14:20:40+00:00\",\"dateModified\":\"2024-01-29T20:03:25+00:00\",\"breadcrumb\":{\"@id\":\"https:\/\/www.qps.ca\/information-centre\/request-for-quote\/#breadcrumb\"},\"inLanguage\":\"fr-FR\",\"potentialAction\":[{\"@type\":\"ReadAction\",\"target\":[\"https:\/\/www.qps.ca\/information-centre\/request-for-quote\/\"]}]},{\"@type\":\"BreadcrumbList\",\"@id\":\"https:\/\/www.qps.ca\/information-centre\/request-for-quote\/#breadcrumb\",\"itemListElement\":[{\"@type\":\"ListItem\",\"position\":1,\"name\":\"Home\",\"item\":\"https:\/\/www.qps.ca\/\"},{\"@type\":\"ListItem\",\"position\":2,\"name\":\"Information Center\",\"item\":\"https:\/\/www.qps.ca\/information-centre\/\"},{\"@type\":\"ListItem\",\"position\":3,\"name\":\"Request A Quote\"}]},{\"@type\":\"WebSite\",\"@id\":\"https:\/\/www.qps.ca\/#website\",\"url\":\"https:\/\/www.qps.ca\/\",\"name\":\"QPS Evaluation Services\",\"description\":\"\",\"publisher\":{\"@id\":\"https:\/\/www.qps.ca\/#organization\"},\"potentialAction\":[{\"@type\":\"SearchAction\",\"target\":{\"@type\":\"EntryPoint\",\"urlTemplate\":\"https:\/\/www.qps.ca\/?s={search_term_string}\"},\"query-input\":{\"@type\":\"PropertyValueSpecification\",\"valueRequired\":true,\"valueName\":\"search_term_string\"}}],\"inLanguage\":\"fr-FR\"},{\"@type\":\"Organization\",\"@id\":\"https:\/\/www.qps.ca\/#organization\",\"name\":\"QPS Evaluation Services Inc.\",\"url\":\"https:\/\/www.qps.ca\/\",\"logo\":{\"@type\":\"ImageObject\",\"inLanguage\":\"fr-FR\",\"@id\":\"https:\/\/www.qps.ca\/#\/schema\/logo\/image\/\",\"url\":\"https:\/\/www.qps.ca\/wp-content\/uploads\/2019\/07\/QPS_ColorLogo.png\",\"contentUrl\":\"https:\/\/www.qps.ca\/wp-content\/uploads\/2019\/07\/QPS_ColorLogo.png\",\"width\":177,\"height\":105,\"caption\":\"QPS Evaluation Services Inc.\"},\"image\":{\"@id\":\"https:\/\/www.qps.ca\/#\/schema\/logo\/image\/\"}}]}<\/script>\n<!-- \/ Yoast SEO plugin. -->","yoast_head_json":{"title":"[:en]Request A Quote[:fr]Demander Un Devis[:] - Applus+ QPS","robots":{"index":"index","follow":"follow","max-snippet":"max-snippet:-1","max-image-preview":"max-image-preview:large","max-video-preview":"max-video-preview:-1"},"canonical":"https:\/\/www.qps.ca\/information-centre\/request-for-quote\/","og_locale":"fr_FR","og_type":"article","og_title":"[:en]Request A Quote[:fr]Demander Un Devis[:] - Applus+ QPS","og_description":"[vc_row el_class=\u00a0\u00bbrow-spacing contact-wrap\u00a0\u00bb][vc_column][vc_column_text] Demander Un Devis [\/vc_column_text][\/vc_column][\/vc_row][vc_row][vc_column width=\u00a0\u00bb1\/2&Prime;][vc_column_text]Nous vous remercions de l\u2019int\u00e9r\u00eat que vous portez \u00e0 QPS. Nous nous r\u00e9jouissons d\u2019avoir la possibilit\u00e9 de vous aider \u00e0 combler tous vos besoins en mati\u00e8re d\u2019approbation de produits, que ce soit \u00e0 l\u2019\u00e9chelle locale ou partout sur la plan\u00e8te. Et par souci de clart\u00e9 et de transparence, &hellip; Continue reading \"Demander Un Devis\"","og_url":"https:\/\/www.qps.ca\/information-centre\/request-for-quote\/","og_site_name":"Applus+ QPS","article_modified_time":"2024-01-29T20:03:25+00:00","twitter_card":"summary_large_image","twitter_misc":{"Dur\u00e9e de lecture estim\u00e9e":"1 minute"},"schema":{"@context":"https:\/\/schema.org","@graph":[{"@type":"WebPage","@id":"https:\/\/www.qps.ca\/information-centre\/request-for-quote\/","url":"https:\/\/www.qps.ca\/information-centre\/request-for-quote\/","name":"[:en]Request A Quote[:fr]Demander Un Devis[:] - Applus+ QPS","isPartOf":{"@id":"https:\/\/www.qps.ca\/#website"},"datePublished":"2019-06-17T14:20:40+00:00","dateModified":"2024-01-29T20:03:25+00:00","breadcrumb":{"@id":"https:\/\/www.qps.ca\/information-centre\/request-for-quote\/#breadcrumb"},"inLanguage":"fr-FR","potentialAction":[{"@type":"ReadAction","target":["https:\/\/www.qps.ca\/information-centre\/request-for-quote\/"]}]},{"@type":"BreadcrumbList","@id":"https:\/\/www.qps.ca\/information-centre\/request-for-quote\/#breadcrumb","itemListElement":[{"@type":"ListItem","position":1,"name":"Home","item":"https:\/\/www.qps.ca\/"},{"@type":"ListItem","position":2,"name":"Information Center","item":"https:\/\/www.qps.ca\/information-centre\/"},{"@type":"ListItem","position":3,"name":"Request A Quote"}]},{"@type":"WebSite","@id":"https:\/\/www.qps.ca\/#website","url":"https:\/\/www.qps.ca\/","name":"QPS Evaluation Services","description":"","publisher":{"@id":"https:\/\/www.qps.ca\/#organization"},"potentialAction":[{"@type":"SearchAction","target":{"@type":"EntryPoint","urlTemplate":"https:\/\/www.qps.ca\/?s={search_term_string}"},"query-input":{"@type":"PropertyValueSpecification","valueRequired":true,"valueName":"search_term_string"}}],"inLanguage":"fr-FR"},{"@type":"Organization","@id":"https:\/\/www.qps.ca\/#organization","name":"QPS Evaluation Services Inc.","url":"https:\/\/www.qps.ca\/","logo":{"@type":"ImageObject","inLanguage":"fr-FR","@id":"https:\/\/www.qps.ca\/#\/schema\/logo\/image\/","url":"https:\/\/www.qps.ca\/wp-content\/uploads\/2019\/07\/QPS_ColorLogo.png","contentUrl":"https:\/\/www.qps.ca\/wp-content\/uploads\/2019\/07\/QPS_ColorLogo.png","width":177,"height":105,"caption":"QPS Evaluation Services Inc."},"image":{"@id":"https:\/\/www.qps.ca\/#\/schema\/logo\/image\/"}}]}},"_links":{"self":[{"href":"https:\/\/www.qps.ca\/fr\/wp-json\/wp\/v2\/pages\/1221","targetHints":{"allow":["GET"]}}],"collection":[{"href":"https:\/\/www.qps.ca\/fr\/wp-json\/wp\/v2\/pages"}],"about":[{"href":"https:\/\/www.qps.ca\/fr\/wp-json\/wp\/v2\/types\/page"}],"author":[{"embeddable":true,"href":"https:\/\/www.qps.ca\/fr\/wp-json\/wp\/v2\/users\/19"}],"replies":[{"embeddable":true,"href":"https:\/\/www.qps.ca\/fr\/wp-json\/wp\/v2\/comments?post=1221"}],"version-history":[{"count":46,"href":"https:\/\/www.qps.ca\/fr\/wp-json\/wp\/v2\/pages\/1221\/revisions"}],"predecessor-version":[{"id":26812,"href":"https:\/\/www.qps.ca\/fr\/wp-json\/wp\/v2\/pages\/1221\/revisions\/26812"}],"up":[{"embeddable":true,"href":"https:\/\/www.qps.ca\/fr\/wp-json\/wp\/v2\/pages\/35"}],"wp:attachment":[{"href":"https:\/\/www.qps.ca\/fr\/wp-json\/wp\/v2\/media?parent=1221"}],"curies":[{"name":"wp","href":"https:\/\/api.w.org\/{rel}","templated":true}]}}